{"id":24064,"date":"2024-05-08T07:39:09","date_gmt":"2024-05-08T05:39:09","guid":{"rendered":"https:\/\/www.koenigsee-implantate.de\/la-empresa\/distribuidor\/"},"modified":"2026-04-17T12:36:09","modified_gmt":"2026-04-17T10:36:09","slug":"distribuidor","status":"publish","type":"page","link":"https:\/\/www.koenigsee-implantate.de\/es\/la-empresa\/distribuidor\/","title":{"rendered":"Distribuidor"},"content":{"rendered":"<p>[et_pb_section fb_built=\u00bb1&#8243; custom_padding_last_edited=\u00bbon|tablet\u00bb admin_label=\u00bbNews Header\u00bb _builder_version=\u00bb4.25.0&#8243; _module_preset=\u00bbdefault\u00bb background_image=\u00bbhttps:\/\/www.koenigsee-implantate.de\/wp-content\/uploads\/2024\/05\/AdobeStock_705259429-scaled.jpeg\u00bb parallax=\u00bbon\u00bb custom_padding=\u00bb15%|25%|15%|25%|true|true\u00bb custom_padding_tablet=\u00bb12%|25%|12%|25%|true|true\u00bb custom_padding_phone=\u00bb22%||22%||true|true\u00bb bottom_divider_style=\u00bbwave2&#8243; bottom_divider_color=\u00bb#FFFFFF\u00bb bottom_divider_arrangement=\u00bbabove_content\u00bb locked=\u00bboff\u00bb global_colors_info=\u00bb{}\u00bb][\/et_pb_section][et_pb_section fb_built=\u00bb1&#8243; admin_label=\u00bbBreadcrumb Navigation\u00bb _builder_version=\u00bb4.19.4&#8243; _module_preset=\u00bbdefault\u00bb custom_margin=\u00bb||||false|false\u00bb custom_margin_tablet=\u00bb||||false|false\u00bb custom_margin_phone=\u00bb||||false|false\u00bb custom_margin_last_edited=\u00bbon|phone\u00bb custom_padding=\u00bb0px|0px|0px|0px|false|false\u00bb locked=\u00bboff\u00bb global_colors_info=\u00bb{}\u00bb][et_pb_row disabled_on=\u00bbon|off|off\u00bb _builder_version=\u00bb4.16&#8243; _module_preset=\u00bbdefault\u00bb custom_margin=\u00bb||0px||false|false\u00bb custom_padding=\u00bb||0px||false|false\u00bb locked=\u00bboff\u00bb global_colors_info=\u00bb{}\u00bb][et_pb_column type=\u00bb4_4&#8243; _builder_version=\u00bb4.16&#8243; _module_preset=\u00bbdefault\u00bb custom_padding=\u00bb0px||0px||false|false\u00bb global_colors_info=\u00bb{}\u00bb][dipl_button inline_buttons=\u00bbon\u00bb _builder_version=\u00bb4.20.0&#8243; _module_preset=\u00bbdefault\u00bb custom_margin=\u00bb||-2px||false|false\u00bb global_colors_info=\u00bb{}\u00bb][dipl_button_item button_text=\u00bbInicio\u00bb button_url=\u00bb@ET-DC@eyJkeW5hbWljIjp0cnVlLCJjb250ZW50IjoicG9zdF9saW5rX3VybF9wYWdlIiwic2V0dGluZ3MiOnsicG9zdF9pZCI6IjE3In19@\u00bb button_use_icon=\u00bbon\u00bb button_icon=\u00bb&#x5e;||divi||400&#8243; button_icon_color=\u00bb#D8E9ED\u00bb button_on_hover=\u00bboff\u00bb button_custom_margin=\u00bb0px|-12px|0px|0px|false|false\u00bb button_custom_padding=\u00bb0px||0px|0px|false|false\u00bb _builder_version=\u00bb4.16&#8243; _dynamic_attributes=\u00bbbutton_url\u00bb _module_preset=\u00bbdefault\u00bb button_text_color=\u00bb#73B1BD\u00bb button_font_size=\u00bb22px\u00bb global_colors_info=\u00bb{}\u00bb button_text_color__hover_enabled=\u00bbon|hover\u00bb button_text_color__hover=\u00bb#006F81&#8243;][\/dipl_button_item][dipl_button_item button_text=\u00bbTrabaje con nosotros\u00bb button_url=\u00bb@ET-DC@eyJkeW5hbWljIjp0cnVlLCJjb250ZW50IjoicG9zdF9saW5rX3VybF9wYWdlIiwic2V0dGluZ3MiOnsicG9zdF9pZCI6IjEzMDYzIn19@\u00bb button_use_icon=\u00bbon\u00bb button_icon=\u00bb&#x5e;||divi||400&#8243; button_icon_color=\u00bb#D8E9ED\u00bb button_on_hover=\u00bboff\u00bb button_custom_margin=\u00bb0px|-12px|0px||false|false\u00bb button_custom_padding=\u00bb0px||0px||false|false\u00bb _builder_version=\u00bb4.20.0&#8243; _dynamic_attributes=\u00bbbutton_url\u00bb _module_preset=\u00bbdefault\u00bb button_text_color=\u00bb#73B1BD\u00bb button_font_size=\u00bb22px\u00bb global_colors_info=\u00bb{}\u00bb button_text_color__hover_enabled=\u00bbon|hover\u00bb button_text_color__hover=\u00bb#006F81&#8243;][\/dipl_button_item][dipl_button_item button_text=\u00bb@ET-DC@eyJkeW5hbWljIjp0cnVlLCJjb250ZW50IjoicG9zdF90aXRsZSIsInNldHRpbmdzIjp7ImJlZm9yZSI6IiIsImFmdGVyIjoiIn19@\u00bb button_custom_margin=\u00bb0px||0px||false|false\u00bb button_custom_padding=\u00bb0px||0px||false|false\u00bb _builder_version=\u00bb4.19.4&#8243; _dynamic_attributes=\u00bbbutton_text\u00bb _module_preset=\u00bbdefault\u00bb button_font_size=\u00bb22px\u00bb global_colors_info=\u00bb{}\u00bb][\/dipl_button_item][\/dipl_button][\/et_pb_column][\/et_pb_row][\/et_pb_section][et_pb_section fb_built=\u00bb1&#8243; disabled_on=\u00bboff|off|off\u00bb _builder_version=\u00bb4.21.0&#8243; _module_preset=\u00bbdefault\u00bb background_color=\u00bbRGBA(255,255,255,0)\u00bb positioning=\u00bbfixed\u00bb position_origin_f=\u00bbcenter_right\u00bb z_index=\u00bb100&#8243; width=\u00bb5vw\u00bb custom_margin_tablet=\u00bb|40px|||false|false\u00bb custom_margin_phone=\u00bb\u00bb custom_margin_last_edited=\u00bbon|desktop\u00bb locked=\u00bboff\u00bb global_colors_info=\u00bb{}\u00bb][et_pb_row module_id=\u00bbsticky-navi\u00bb _builder_version=\u00bb4.24.2&#8243; _module_preset=\u00bbdefault\u00bb width_tablet=\u00bb\u00bb width_phone=\u00bb\u00bb width_last_edited=\u00bbon|tablet\u00bb global_colors_info=\u00bb{}\u00bb][et_pb_column type=\u00bb4_4&#8243; _builder_version=\u00bb4.17.4&#8243; _module_preset=\u00bbdefault\u00bb global_colors_info=\u00bb{}\u00bb][et_pb_icon font_icon=\u00bb&#xf879;||fa||900&#8243; icon_color=\u00bb#006F81&#8243; icon_width=\u00bb36px\u00bb url=\u00bbtel:+4936738498550&#8243; admin_label=\u00bbTelefonkontakt\u00bb _builder_version=\u00bb4.21.0&#8243; _module_preset=\u00bbdefault\u00bb background_color=\u00bb#FFFFFF\u00bb custom_padding=\u00bb15px|15px|15px|15px|true|true\u00bb border_radii=\u00bbon|5px|5px|5px|5px\u00bb global_colors_info=\u00bb{}\u00bb icon_color__hover_enabled=\u00bbon|hover\u00bb icon_color__hover=\u00bb#73B1BD\u00bb background__hover_enabled=\u00bbon|hover\u00bb background_color__hover=\u00bb#FFFFFF\u00bb background_enable_color__hover=\u00bbon\u00bb][\/et_pb_icon][et_pb_icon font_icon=\u00bb&#xf0e0;||fa||900&#8243; icon_color=\u00bb#006F81&#8243; icon_width=\u00bb36px\u00bb url=\u00bbhttps:\/\/www.koenigsee-implantate.de\/kontaktformular\/\u00bb admin_label=\u00bbKontaktformular\u00bb _builder_version=\u00bb4.24.2&#8243; _module_preset=\u00bbdefault\u00bb background_color=\u00bb#FFFFFF\u00bb custom_padding=\u00bb15px|15px|15px|15px|true|true\u00bb border_radii=\u00bbon|5px|5px|5px|5px\u00bb global_colors_info=\u00bb{}\u00bb icon_color__hover_enabled=\u00bbon|hover\u00bb icon_color__hover=\u00bb#73B1BD\u00bb background__hover_enabled=\u00bbon|hover\u00bb background_color__hover=\u00bb#FFFFFF\u00bb background_enable_color__hover=\u00bbon\u00bb][\/et_pb_icon][et_pb_icon font_icon=\u00bb&#x5e;||divi||400&#8243; icon_color=\u00bbRGBA(255,255,255,0)\u00bb icon_width=\u00bb36px\u00bb title_text=\u00bbEMAS-Icon\u00bb url=\u00bbhttps:\/\/www.koenigsee-implantate.de\/unternehmen\/nachhaltigkeit\/#EMAS\u00bb admin_label=\u00bbEMAS\u00bb _builder_version=\u00bb4.24.2&#8243; _module_preset=\u00bbdefault\u00bb background_color=\u00bb#FFFFFF\u00bb background_image=\u00bbhttps:\/\/www.koenigsee-implantate.de\/wp-content\/uploads\/2024\/03\/EMAS-Icon.png\u00bb custom_padding=\u00bb15px|15px|15px|15px|true|true\u00bb border_radii=\u00bbon|5px|5px|5px|5px\u00bb global_colors_info=\u00bb{}\u00bb icon_color__hover_enabled=\u00bbon|hover\u00bb icon_color__hover=\u00bbRGBA(255,255,255,0)\u00bb background__hover_enabled=\u00bbon|hover\u00bb background_color__hover=\u00bb#FFFFFF\u00bb background_enable_color__hover=\u00bbon\u00bb filter_opacity__hover_enabled=\u00bbon|hover\u00bb filter_opacity__hover=\u00bb80%\u00bb][\/et_pb_icon][\/et_pb_column][\/et_pb_row][\/et_pb_section][et_pb_section fb_built=\u00bb1&#8243; admin_label=\u00bbInhalt\u00bb _builder_version=\u00bb4.19.4&#8243; _module_preset=\u00bbdefault\u00bb custom_margin=\u00bb0px|0px|0px|0px|false|false\u00bb custom_padding=\u00bb0px|0px|0px|0px|false|false\u00bb locked=\u00bboff\u00bb global_colors_info=\u00bb{}\u00bb][et_pb_row _builder_version=\u00bb4.19.5&#8243; _module_preset=\u00bbdefault\u00bb global_colors_info=\u00bb{}\u00bb][et_pb_column type=\u00bb4_4&#8243; _builder_version=\u00bb4.19.5&#8243; _module_preset=\u00bbdefault\u00bb global_colors_info=\u00bb{}\u00bb][et_pb_text _builder_version=\u00bb4.25.0&#8243; _module_preset=\u00bbdefault\u00bb global_colors_info=\u00bb{}\u00bb]<\/p>\n<h2 style=\"text-align: center;\">Socio comercial de nuestros productos m&eacute;dicos<\/h2>\n<p>[\/et_pb_text][\/et_pb_column][\/et_pb_row][\/et_pb_section][et_pb_section fb_built=\u00bb1&#8243; _builder_version=\u00bb4.19.4&#8243; _module_preset=\u00bbdefault\u00bb custom_margin=\u00bb-25px|||||\u00bb locked=\u00bboff\u00bb global_colors_info=\u00bb{}\u00bb][et_pb_row custom_padding_last_edited=\u00bbon|desktop\u00bb _builder_version=\u00bb4.20.0&#8243; _module_preset=\u00bbdefault\u00bb custom_margin=\u00bb-38px|auto||auto||\u00bb custom_padding=\u00bb|8vw||8vw|false|false\u00bb custom_padding_tablet=\u00bb|0vw||0vw|false|false\u00bb custom_padding_phone=\u00bb|0vw||0vw|false|false\u00bb global_colors_info=\u00bb{}\u00bb][et_pb_column type=\u00bb4_4&#8243; _builder_version=\u00bb4.19.4&#8243; _module_preset=\u00bbdefault\u00bb global_colors_info=\u00bb{}\u00bb][et_pb_text _builder_version=\u00bb4.25.0&#8243; _module_preset=\u00bbdefault\u00bb custom_margin=\u00bb||||false|false\u00bb custom_margin_tablet=\u00bb|||0px|false|false\u00bb custom_margin_phone=\u00bb|||0px|false|false\u00bb custom_margin_last_edited=\u00bbon|desktop\u00bb custom_padding=\u00bb||||false|false\u00bb global_colors_info=\u00bb{}\u00bb]<\/p>\n<p>Somos una empresa l&iacute;der en el campo de la tecnolog&iacute;a m&eacute;dica y estamos especializados en el desarrollo y la fabricaci&oacute;n de implantes de alta calidad para traumatolog&iacute;a. Nuestros productos son reconocidos por su calidad, fiabilidad y tecnolog&iacute;a innovadora, que contribuye a mejorar la vida de pacientes de todo el mundo.<\/p>\n<p>Actualmente buscamos distribuidores de confianza que puedan introducir nuestros implantes para traumatolog&iacute;a en nuevos mercados y ampliar nuestra base de clientes. Lo ideal es que tenga una amplia experiencia en la venta de productos m&eacute;dicos y que ya cuente con una red establecida en la comunidad m&eacute;dica.<\/p>\n<p>Como socio comercial, puede beneficiarse de nuestra s&oacute;lida presencia de marca, nuestra cartera de productos de primera clase y nuestro comprometido servicio de atenci&oacute;n al cliente. Tambi&eacute;n le ofrecemos condiciones atractivas y una colaboraci&oacute;n a largo plazo de igual a igual.<\/p>\n<p>Si est&aacute; interesado en trabajar con nosotros y distribuir nuestros implantes para traumatolog&iacute;a, estaremos encantados de saber de usted. No dude en ponerse en contacto con nosotros para obtener m&aacute;s informaci&oacute;n o concertar una entrevista personal.<\/p>\n<p>[\/et_pb_text][\/et_pb_column][\/et_pb_row][\/et_pb_section][et_pb_section fb_built=\u00bb1&#8243; _builder_version=\u00bb4.20.0&#8243; _module_preset=\u00bbdefault\u00bb background_color=\u00bb#fcfcfc\u00bb locked=\u00bboff\u00bb global_colors_info=\u00bb{}\u00bb][et_pb_row _builder_version=\u00bb4.19.5&#8243; _module_preset=\u00bbdefault\u00bb global_colors_info=\u00bb{}\u00bb][et_pb_column type=\u00bb4_4&#8243; _builder_version=\u00bb4.19.5&#8243; _module_preset=\u00bbdefault\u00bb global_colors_info=\u00bb{}\u00bb][et_pb_text _builder_version=\u00bb4.20.0&#8243; _module_preset=\u00bbdefault\u00bb custom_margin=\u00bb||-3px|||\u00bb global_colors_info=\u00bb{}\u00bb]<\/p>\n<h2>Convi&eacute;rtase en socio comercial<\/h2>\n<p>[\/et_pb_text][\/et_pb_column][\/et_pb_row][et_pb_row column_structure=\u00bb1_2,1_2&#8243; _builder_version=\u00bb4.19.5&#8243; _module_preset=\u00bbdefault\u00bb global_colors_info=\u00bb{}\u00bb][et_pb_column type=\u00bb1_2&#8243; _builder_version=\u00bb4.19.5&#8243; _module_preset=\u00bbdefault\u00bb global_colors_info=\u00bb{}\u00bb][et_pb_image src=\u00bbhttps:\/\/www.koenigsee-implantate.de\/wp-content\/uploads\/2024\/05\/AdobeStock_686807387-scaled.jpeg\u00bb alt=\u00bbaprendices ko\u0308nigsee\u00bb title_text=\u00bbLa empresaria y el m\u00e9dico se dan la mano en el hospital\u00bb _builder_version=\u00bb4.25.0&#8243; _module_preset=\u00bbdefault\u00bb global_colors_info=\u00bb{}\u00bb][\/et_pb_image][\/et_pb_column][et_pb_column type=\u00bb1_2&#8243; _builder_version=\u00bb4.19.5&#8243; _module_preset=\u00bbdefault\u00bb global_colors_info=\u00bb{}\u00bb][et_pb_text _builder_version=\u00bb4.27.4&#8243; _module_preset=\u00bbdefault\u00bb global_colors_info=\u00bb{}\u00bb]<\/p>\n<h4><strong>Convi\u00e9rtase en socio comercial para los siguientes pa\u00edses:<\/strong><\/h4>\n<p><strong>Europa<\/strong><br \/>Gran Breta\u00f1a, Irlanda, Suecia, Noruega, Finlandia, Dinamarca, Hungr\u00eda, Portugal, Islandia<\/p>\n<p><strong>Asia<\/strong><br \/>Armenia, Taiw\u00e1n, Tailandia, Turqu\u00eda, Uzbekist\u00e1n, Kazajst\u00e1n, Bahr\u00e9in, Bangladesh, Georgia, India, Israel, Jordania, Qatar, Kuwait, Om\u00e1n<br \/>Filipinas, Vietnam<\/p>\n<p><strong>\u00c1frica<\/strong><br \/>Nigeria, Argelia<\/p>\n<p><strong>Am\u00e9rica Latina<\/strong><br \/>Colombia, Venezuela, Uruguay, Bolivia<\/p>\n<p>Env\u00edenos un correo electr\u00f3nico a <a href=\"mailto:export@koenigsee-implantate.de\">export@koenigsee-implantate.de.<\/a><\/p>\n<p>[\/et_pb_text][\/et_pb_column][\/et_pb_row][\/et_pb_section][et_pb_section fb_built=\u00bb1&#8243; admin_label=\u00bbNews Blog\u00bb _builder_version=\u00bb4.20.4&#8243; _module_preset=\u00bbdefault\u00bb background_color=\u00bb#FFFFFF\u00bb custom_margin=\u00bb0px||0px||false|false\u00bb custom_padding=\u00bb0px||0px||false|false\u00bb locked=\u00bboff\u00bb global_colors_info=\u00bb{}\u00bb][et_pb_row _builder_version=\u00bb4.16&#8243; _module_preset=\u00bbdefault\u00bb locked=\u00bboff\u00bb global_colors_info=\u00bb{}\u00bb][et_pb_column type=\u00bb4_4&#8243; _builder_version=\u00bb4.16&#8243; _module_preset=\u00bbdefault\u00bb global_colors_info=\u00bb{}\u00bb][et_pb_text _builder_version=\u00bb4.20.0&#8243; _module_preset=\u00bbdefault\u00bb header_2_font_size=\u00bb62px\u00bb custom_margin=\u00bb||0px||false|false\u00bb custom_padding=\u00bb0px||0px||false|false\u00bb header_font_size_tablet=\u00bb\u00bb header_font_size_phone=\u00bb42px\u00bb header_font_size_last_edited=\u00bbon|phone\u00bb locked=\u00bboff\u00bb global_colors_info=\u00bb{}\u00bb]<\/p>\n<h3>Nuestras noticias<\/h3>\n<p>[\/et_pb_text][\/et_pb_column][\/et_pb_row][et_pb_row _builder_version=\u00bb4.19.4&#8243; _module_preset=\u00bbdefault\u00bb custom_margin=\u00bb0px||0px||false|false\u00bb custom_padding=\u00bb0px||0px||false|false\u00bb locked=\u00bboff\u00bb global_colors_info=\u00bb{}\u00bb][et_pb_column type=\u00bb4_4&#8243; _builder_version=\u00bb4.16&#8243; _module_preset=\u00bbdefault\u00bb global_colors_info=\u00bb{}\u00bb][et_pb_blog fullwidth=\u00bboff\u00bb posts_number=\u00bb3&#8243; include_categories=\u00bb3&#8243; show_more=\u00bbon\u00bb show_author=\u00bboff\u00bb show_categories=\u00bboff\u00bb show_pagination=\u00bboff\u00bb use_overlay=\u00bbon\u00bb overlay_icon_color=\u00bb#006F81&#8243; hover_overlay_color=\u00bbrgba(216,233,237,0.36)\u00bb hover_icon=\u00bb&#xe060;||divi||400&#8243; masonry_tile_background_color=\u00bbRGBA(255,255,255,0)\u00bb module_class=\u00bbet_blog_grid_equal_height\u00bb _builder_version=\u00bb4.20.0&#8243; _module_preset=\u00bbdefault\u00bb header_text_color=\u00bb#006F81&#8243; header_font_size=\u00bb28px\u00bb body_text_color=\u00bb#555555&#8243; meta_text_color=\u00bb#73b1bd\u00bb read_more_text_color=\u00bb#FFFFFF\u00bb read_more_font_size=\u00bb22px\u00bb background_color=\u00bbRGBA(255,255,255,0)\u00bb width=\u00bb100%\u00bb border_width_all=\u00bb0px\u00bb border_color_all=\u00bbRGBA(255,255,255,0)\u00bb border_color_bottom=\u00bb#73B1BD\u00bb border_radii_image=\u00bboff||||40px\u00bb global_colors_info=\u00bb{}\u00bb][\/et_pb_blog][\/et_pb_column][\/et_pb_row][\/et_pb_section]<\/p>\n","protected":false},"excerpt":{"rendered":"<p><div class=\"et_pb_module dipl_button dipl_button_0\">\n\t\t\t\t\n\t\t\t\t\n\t\t\t\t\n\t\t\t\t\n\t\t\t\t\n\t\t\t\t\n\t\t\t\t<div class=\"et_pb_module_inner\">\n\t\t\t\t\t\n\t\t\t\t<\/div>\n\t\t\t<\/div><div class=\"et_pb_module dipl_button_item dipl_button_item_0\">\n\t\t\t\t\n\t\t\t\t\n\t\t\t\t\n\t\t\t\t\n\t\t\t\t\n\t\t\t\t\n\t\t\t\t<div class=\"et_pb_module_inner\">\n\t\t\t\t\t<div class=\"dipl_button_wrapper dipl_button_classic\"><a class=\"dipl_button_link dipl_button_default_fill dipl_button_icon_right\" href=\"\" target=\"_self\"><span class=\"dipl_button_text dipl_button_icon\" data-icon=\"&#x5e;\">Inicio<\/span><\/a><\/div>\n\t\t\t\t<\/div>\n\t\t\t<\/div><div class=\"et_pb_module dipl_button_item dipl_button_item_1\">\n\t\t\t\t\n\t\t\t\t\n\t\t\t\t\n\t\t\t\t\n\t\t\t\t\n\t\t\t\t\n\t\t\t\t<div class=\"et_pb_module_inner\">\n\t\t\t\t\t<div class=\"dipl_button_wrapper dipl_button_classic\"><a class=\"dipl_button_link dipl_button_default_fill\" href=\"http:\/\/\u00bb\u00bb\" target=\"_self\"><span class=\"dipl_button_text\">\u00bbTrabaje<\/span><\/a><\/div>\n\t\t\t\t<\/div>\n\t\t\t<\/div><\/p>\n","protected":false},"author":1,"featured_media":0,"parent":23434,"menu_order":0,"comment_status":"closed","ping_status":"closed","template":"","meta":{"_et_pb_use_builder":"on","_et_pb_old_content":"","_et_gb_content_width":"","footnotes":""},"class_list":["post-24064","page","type-page","status-publish","hentry"],"_links":{"self":[{"href":"https:\/\/www.koenigsee-implantate.de\/es\/wp-json\/wp\/v2\/pages\/24064","targetHints":{"allow":["GET"]}}],"collection":[{"href":"https:\/\/www.koenigsee-implantate.de\/es\/wp-json\/wp\/v2\/pages"}],"about":[{"href":"https:\/\/www.koenigsee-implantate.de\/es\/wp-json\/wp\/v2\/types\/page"}],"author":[{"embeddable":true,"href":"https:\/\/www.koenigsee-implantate.de\/es\/wp-json\/wp\/v2\/users\/1"}],"replies":[{"embeddable":true,"href":"https:\/\/www.koenigsee-implantate.de\/es\/wp-json\/wp\/v2\/comments?post=24064"}],"version-history":[{"count":3,"href":"https:\/\/www.koenigsee-implantate.de\/es\/wp-json\/wp\/v2\/pages\/24064\/revisions"}],"predecessor-version":[{"id":36229,"href":"https:\/\/www.koenigsee-implantate.de\/es\/wp-json\/wp\/v2\/pages\/24064\/revisions\/36229"}],"up":[{"embeddable":true,"href":"https:\/\/www.koenigsee-implantate.de\/es\/wp-json\/wp\/v2\/pages\/23434"}],"wp:attachment":[{"href":"https:\/\/www.koenigsee-implantate.de\/es\/wp-json\/wp\/v2\/media?parent=24064"}],"curies":[{"name":"wp","href":"https:\/\/api.w.org\/{rel}","templated":true}]}}