{"id":24045,"date":"2023-07-21T15:35:32","date_gmt":"2023-07-21T13:35:32","guid":{"rendered":"https:\/\/www.koenigsee-implantate.de\/formulario-de-contacto\/"},"modified":"2024-11-14T09:33:15","modified_gmt":"2024-11-14T08:33:15","slug":"formulario-de-contacto","status":"publish","type":"page","link":"https:\/\/www.koenigsee-implantate.de\/es\/formulario-de-contacto\/","title":{"rendered":"Formulario de contacto"},"content":{"rendered":"<p>[et_pb_section fb_built=\u00bb1&#8243; _builder_version=\u00bb4.21.0&#8243; _module_preset=\u00bbdefault\u00bb global_colors_info=\u00bb{}\u00bb][et_pb_row disabled_on=\u00bbon|off|off\u00bb _builder_version=\u00bb4.16&#8243; _module_preset=\u00bbdefault\u00bb custom_margin=\u00bb||0px||false|false\u00bb custom_padding=\u00bb||0px||false|false\u00bb locked=\u00bboff\u00bb global_colors_info=\u00bb{}\u00bb][et_pb_column type=\u00bb4_4&#8243; _builder_version=\u00bb4.16&#8243; _module_preset=\u00bbdefault\u00bb custom_padding=\u00bb0px||0px||false|false\u00bb global_colors_info=\u00bb{}\u00bb][dipl_button inline_buttons=\u00bbon\u00bb _builder_version=\u00bb4.14.6&#8243; _module_preset=\u00bbdefault\u00bb custom_margin=\u00bb||-2px||false|false\u00bb global_colors_info=\u00bb{}\u00bb][dipl_button_item button_text=\u00bbInicio\u00bb button_url=\u00bb\/\u00bb button_use_icon=\u00bbon\u00bb button_icon=\u00bb&#x5e;||divi||400&#8243; button_icon_color=\u00bb#D8E9ED\u00bb button_on_hover=\u00bboff\u00bb button_custom_margin=\u00bb0px|-12px|0px|0px|false|false\u00bb button_custom_padding=\u00bb0px||0px|0px|false|false\u00bb _builder_version=\u00bb4.16&#8243; _module_preset=\u00bbdefault\u00bb button_text_color=\u00bb#73B1BD\u00bb button_font_size=\u00bb22px\u00bb global_colors_info=\u00bb{}\u00bb button_text_color__hover_enabled=\u00bbon|hover\u00bb button_text_color__hover=\u00bb#006F81&#8243;][\/dipl_button_item][dipl_button_item button_text=\u00bb@ET-DC@eyJkeW5hbWljIjp0cnVlLCJjb250ZW50IjoicG9zdF90aXRsZSIsInNldHRpbmdzIjp7ImJlZm9yZSI6IiIsImFmdGVyIjoiIn19@\u00bb button_custom_margin=\u00bb0px||0px||false|false\u00bb button_custom_padding=\u00bb0px||0px||false|false\u00bb _builder_version=\u00bb4.16&#8243; _dynamic_attributes=\u00bbbutton_text\u00bb _module_preset=\u00bbdefault\u00bb button_font_size=\u00bb22px\u00bb global_colors_info=\u00bb{}\u00bb][\/dipl_button_item][\/dipl_button][\/et_pb_column][\/et_pb_row][et_pb_row _builder_version=\u00bb4.16&#8243; _module_preset=\u00bbdefault\u00bb custom_margin=\u00bb||0px||false|false\u00bb custom_margin_tablet=\u00bb||0px||false|false\u00bb custom_margin_phone=\u00bb||0px||false|false\u00bb custom_margin_last_edited=\u00bbon|desktop\u00bb custom_padding=\u00bb||0px||false|false\u00bb locked=\u00bboff\u00bb global_colors_info=\u00bb{}\u00bb][et_pb_column type=\u00bb4_4&#8243; _builder_version=\u00bb4.16&#8243; _module_preset=\u00bbdefault\u00bb global_colors_info=\u00bb{}\u00bb][et_pb_text _builder_version=\u00bb4.16&#8243; _dynamic_attributes=\u00bbcontent\u00bb _module_preset=\u00bbdefault\u00bb text_font=\u00bb|600|||||||\u00bb text_font_size=\u00bb62px\u00bb header_font=\u00bb|300|||||||\u00bb header_2_font_size=\u00bb62px\u00bb custom_margin=\u00bb||||false|false\u00bb custom_margin_tablet=\u00bb||0px||false|false\u00bb custom_margin_phone=\u00bb||0px||false|false\u00bb custom_margin_last_edited=\u00bbon|phone\u00bb custom_padding=\u00bb0px||0px||false|false\u00bb header_font_size_tablet=\u00bb\u00bb header_font_size_phone=\u00bb42px\u00bb header_font_size_last_edited=\u00bbon|phone\u00bb locked=\u00bboff\u00bb global_colors_info=\u00bb{}\u00bb]@ET-DC@eyJkeW5hbWljIjp0cnVlLCJjb250ZW50IjoicG9zdF90aXRsZSIsInNldHRpbmdzIjp7ImJlZm9yZSI6IjxoMT4iLCJhZnRlciI6IjwvaDE+In19@[\/et_pb_text][\/et_pb_column][\/et_pb_row][\/et_pb_section][et_pb_section fb_built=\u00bb1&#8243; disabled_on=\u00bboff|off|off\u00bb _builder_version=\u00bb4.21.0&#8243; _module_preset=\u00bbdefault\u00bb background_color=\u00bbRGBA(255,255,255,0)\u00bb positioning=\u00bbfixed\u00bb position_origin_f=\u00bbcenter_right\u00bb z_index=\u00bb100&#8243; width=\u00bb5vw\u00bb custom_margin_tablet=\u00bb|40px|||false|false\u00bb custom_margin_phone=\u00bb|40px|||false|false\u00bb custom_margin_last_edited=\u00bbon|desktop\u00bb locked=\u00bboff\u00bb global_colors_info=\u00bb{}\u00bb][et_pb_row _builder_version=\u00bb4.17.4&#8243; _module_preset=\u00bbdefault\u00bb global_colors_info=\u00bb{}\u00bb][et_pb_column type=\u00bb4_4&#8243; _builder_version=\u00bb4.17.4&#8243; _module_preset=\u00bbdefault\u00bb global_colors_info=\u00bb{}\u00bb][et_pb_icon font_icon=\u00bb&#xf879;||fa||900&#8243; icon_color=\u00bb#006F81&#8243; icon_width=\u00bb36px\u00bb url=\u00bbtel:+4936738498550&#8243; admin_label=\u00bbTelefonkontakt\u00bb _builder_version=\u00bb4.21.0&#8243; _module_preset=\u00bbdefault\u00bb background_color=\u00bb#FFFFFF\u00bb custom_padding=\u00bb15px|15px|15px|15px|true|true\u00bb border_radii=\u00bbon|5px|5px|5px|5px\u00bb global_colors_info=\u00bb{}\u00bb icon_color__hover_enabled=\u00bbon|hover\u00bb icon_color__hover=\u00bb#73B1BD\u00bb background__hover_enabled=\u00bbon|hover\u00bb background_color__hover=\u00bb#FFFFFF\u00bb background_enable_color__hover=\u00bbon\u00bb][\/et_pb_icon][et_pb_icon font_icon=\u00bb&#xf0e0;||fa||900&#8243; icon_color=\u00bb#006F81&#8243; icon_width=\u00bb36px\u00bb url=\u00bbhttps:\/\/www.koenigsee-implantate.de\/en\/contact-form\/\u00bb admin_label=\u00bbKontaktformular\u00bb _builder_version=\u00bb4.21.0&#8243; _module_preset=\u00bbdefault\u00bb background_color=\u00bb#FFFFFF\u00bb custom_padding=\u00bb15px|15px|15px|15px|true|true\u00bb border_radii=\u00bbon|5px|5px|5px|5px\u00bb global_colors_info=\u00bb{}\u00bb icon_color__hover_enabled=\u00bbon|hover\u00bb icon_color__hover=\u00bb#73B1BD\u00bb background__hover_enabled=\u00bbon|hover\u00bb background_color__hover=\u00bb#FFFFFF\u00bb background_enable_color__hover=\u00bbon\u00bb][\/et_pb_icon][\/et_pb_column][\/et_pb_row][\/et_pb_section][et_pb_section fb_built=\u00bb1&#8243; _builder_version=\u00bb4.21.0&#8243; _module_preset=\u00bbdefault\u00bb global_colors_info=\u00bb{}\u00bb][et_pb_row _builder_version=\u00bb4.16&#8243; _module_preset=\u00bbdefault\u00bb custom_margin=\u00bb0px||0px||false|false\u00bb custom_padding=\u00bb0px||0px||false|false\u00bb global_colors_info=\u00bb{}\u00bb][et_pb_column type=\u00bb4_4&#8243; _builder_version=\u00bb4.16&#8243; _module_preset=\u00bbdefault\u00bb global_colors_info=\u00bb{}\u00bb][et_pb_contact_form email=\u00bbbestellung@koenigsee-implantate.de\u00bb custom_message=\u00bbFormulario de contacto ES Mensaje:||et_pb_line_break_holder||||et_pb_line_break_holder||Tratamiento: %%Anrede%%||et_pb_line_break_holder||Cargo: %%Position%%||et_pb_line_break_holder||Nombre: %%Vorname%%||et_pb_line_break_holder||Apellido: %%Name%%||et_pb_line_break_holder||Direcci&oacute;n de correo electr&oacute;nico: %%Email%%||et_pb_line_break_holder||N&uacute;mero de tel&eacute;fono\/m&oacute;vil: %%Telefon%%||et_pb_line_break_holder||Empleador: %%Arbeitgeber%%||et_pb_line_break_holder||||et_pb_line_break_holder||Mensaje: %%Nachricht%%||et_pb_line_break_holder||||et_pb_line_break_holder||Mensaje de: %%page_name%%||et_pb_line_break_holder||Enlace de p&aacute;gina: %%page_url%%\u00bb success_message=\u00bbGracias por su mensaje. Nuestro equipo se pondr\u00e1 en contacto con usted lo antes posible.\u00bb submit_button_text=\u00bbenviar\u00bb _builder_version=\u00bb4.27.3&#8243; _module_preset=\u00bbdefault\u00bb _unique_id=\u00bb1fe72ca6-0a07-473e-af33-0c41ee4612c6&#8243; form_field_background_color=\u00bb#FFFFFF\u00bb title_font_size=\u00bb26px\u00bb custom_button=\u00bbon\u00bb button_text_color=\u00bb#FFFFFF\u00bb button_bg_color=\u00bb#006F81&#8243; button_border_color=\u00bbRGBA(255,255,255,0)\u00bb button_icon_color=\u00bb#FFFFFF\u00bb hover_enabled=\u00bb0&#8243; custom_css_captcha_field=\u00bbcontent: %22Spamschutz%22;||margin-right: 15px;\u00bb box_shadow_style=\u00bbpreset1&#8243; box_shadow_blur=\u00bb9px\u00bb box_shadow_color=\u00bb#BAD6DD\u00bb locked=\u00bboff\u00bb global_colors_info=\u00bb{}\u00bb button_bg_color__hover_enabled=\u00bbon|hover\u00bb button_bg_color__hover=\u00bb#006F81&#8243; button_bg_enable_color__hover=\u00bbon\u00bb sticky_enabled=\u00bb0&#8243;][et_pb_contact_field field_id=\u00bbAnrede\u00bb field_title=\u00bbTratamiento *\u00bb field_type=\u00bbselect\u00bb select_options=\u00bb%91{%22value%22:%22Sra.%22,%22checked%22:0,%22dragID%22:-1},{%22value%22:%22Sr.%22,%22checked%22:0,%22dragID%22:0},{%22value%22:%22Diverso%22,%22checked%22:0,%22dragID%22:1}%93&#8243; _builder_version=\u00bb4.19.4&#8243; global_colors_info=\u00bb{}\u00bb button_text_size__hover_enabled=\u00bboff\u00bb button_one_text_size__hover_enabled=\u00bboff\u00bb button_two_text_size__hover_enabled=\u00bboff\u00bb button_text_color__hover_enabled=\u00bboff\u00bb button_one_text_color__hover_enabled=\u00bboff\u00bb button_two_text_color__hover_enabled=\u00bboff\u00bb button_border_width__hover_enabled=\u00bboff\u00bb button_one_border_width__hover_enabled=\u00bboff\u00bb button_two_border_width__hover_enabled=\u00bboff\u00bb button_border_color__hover_enabled=\u00bboff\u00bb button_one_border_color__hover_enabled=\u00bboff\u00bb button_two_border_color__hover_enabled=\u00bboff\u00bb button_border_radius__hover_enabled=\u00bboff\u00bb button_one_border_radius__hover_enabled=\u00bboff\u00bb button_two_border_radius__hover_enabled=\u00bboff\u00bb button_letter_spacing__hover_enabled=\u00bboff\u00bb button_one_letter_spacing__hover_enabled=\u00bboff\u00bb button_two_letter_spacing__hover_enabled=\u00bboff\u00bb button_bg_color__hover_enabled=\u00bboff\u00bb button_one_bg_color__hover_enabled=\u00bboff\u00bb button_two_bg_color__hover_enabled=\u00bboff\u00bb][\/et_pb_contact_field][et_pb_contact_field field_id=\u00bbPosition\u00bb field_title=\u00bbCargo *\u00bb _builder_version=\u00bb4.19.4&#8243; global_colors_info=\u00bb{}\u00bb button_text_size__hover_enabled=\u00bboff\u00bb button_one_text_size__hover_enabled=\u00bboff\u00bb button_two_text_size__hover_enabled=\u00bboff\u00bb button_text_color__hover_enabled=\u00bboff\u00bb button_one_text_color__hover_enabled=\u00bboff\u00bb button_two_text_color__hover_enabled=\u00bboff\u00bb button_border_width__hover_enabled=\u00bboff\u00bb button_one_border_width__hover_enabled=\u00bboff\u00bb button_two_border_width__hover_enabled=\u00bboff\u00bb button_border_color__hover_enabled=\u00bboff\u00bb button_one_border_color__hover_enabled=\u00bboff\u00bb button_two_border_color__hover_enabled=\u00bboff\u00bb button_border_radius__hover_enabled=\u00bboff\u00bb button_one_border_radius__hover_enabled=\u00bboff\u00bb button_two_border_radius__hover_enabled=\u00bboff\u00bb button_letter_spacing__hover_enabled=\u00bboff\u00bb button_one_letter_spacing__hover_enabled=\u00bboff\u00bb button_two_letter_spacing__hover_enabled=\u00bboff\u00bb button_bg_color__hover_enabled=\u00bboff\u00bb button_one_bg_color__hover_enabled=\u00bboff\u00bb button_two_bg_color__hover_enabled=\u00bboff\u00bb][\/et_pb_contact_field][et_pb_contact_field field_id=\u00bbVorname\u00bb field_title=\u00bbNombre *\u00bb _builder_version=\u00bb4.19.4&#8243; global_colors_info=\u00bb{}\u00bb button_text_size__hover_enabled=\u00bboff\u00bb button_one_text_size__hover_enabled=\u00bboff\u00bb button_two_text_size__hover_enabled=\u00bboff\u00bb button_text_color__hover_enabled=\u00bboff\u00bb button_one_text_color__hover_enabled=\u00bboff\u00bb button_two_text_color__hover_enabled=\u00bboff\u00bb button_border_width__hover_enabled=\u00bboff\u00bb button_one_border_width__hover_enabled=\u00bboff\u00bb button_two_border_width__hover_enabled=\u00bboff\u00bb button_border_color__hover_enabled=\u00bboff\u00bb button_one_border_color__hover_enabled=\u00bboff\u00bb button_two_border_color__hover_enabled=\u00bboff\u00bb button_border_radius__hover_enabled=\u00bboff\u00bb button_one_border_radius__hover_enabled=\u00bboff\u00bb button_two_border_radius__hover_enabled=\u00bboff\u00bb button_letter_spacing__hover_enabled=\u00bboff\u00bb button_one_letter_spacing__hover_enabled=\u00bboff\u00bb button_two_letter_spacing__hover_enabled=\u00bboff\u00bb button_bg_color__hover_enabled=\u00bboff\u00bb button_one_bg_color__hover_enabled=\u00bboff\u00bb button_two_bg_color__hover_enabled=\u00bboff\u00bb][\/et_pb_contact_field][et_pb_contact_field field_id=\u00bbName\u00bb field_title=\u00bbApellido *\u00bb _builder_version=\u00bb4.19.4&#8243; global_colors_info=\u00bb{}\u00bb button_text_size__hover_enabled=\u00bboff\u00bb button_one_text_size__hover_enabled=\u00bboff\u00bb button_two_text_size__hover_enabled=\u00bboff\u00bb button_text_color__hover_enabled=\u00bboff\u00bb button_one_text_color__hover_enabled=\u00bboff\u00bb button_two_text_color__hover_enabled=\u00bboff\u00bb button_border_width__hover_enabled=\u00bboff\u00bb button_one_border_width__hover_enabled=\u00bboff\u00bb button_two_border_width__hover_enabled=\u00bboff\u00bb button_border_color__hover_enabled=\u00bboff\u00bb button_one_border_color__hover_enabled=\u00bboff\u00bb button_two_border_color__hover_enabled=\u00bboff\u00bb button_border_radius__hover_enabled=\u00bboff\u00bb button_one_border_radius__hover_enabled=\u00bboff\u00bb button_two_border_radius__hover_enabled=\u00bboff\u00bb button_letter_spacing__hover_enabled=\u00bboff\u00bb button_one_letter_spacing__hover_enabled=\u00bboff\u00bb button_two_letter_spacing__hover_enabled=\u00bboff\u00bb button_bg_color__hover_enabled=\u00bboff\u00bb button_one_bg_color__hover_enabled=\u00bboff\u00bb button_two_bg_color__hover_enabled=\u00bboff\u00bb][\/et_pb_contact_field][et_pb_contact_field field_id=\u00bbEmail\u00bb field_title=\u00bbDirecci\u00f3n de correo electr\u00f3nico*\u00bb field_type=\u00bbemail\u00bb _builder_version=\u00bb4.27.3&#8243; hover_enabled=\u00bb0&#8243; global_colors_info=\u00bb{}\u00bb button_text_size__hover_enabled=\u00bboff\u00bb button_one_text_size__hover_enabled=\u00bboff\u00bb button_two_text_size__hover_enabled=\u00bboff\u00bb button_text_color__hover_enabled=\u00bboff\u00bb button_one_text_color__hover_enabled=\u00bboff\u00bb button_two_text_color__hover_enabled=\u00bboff\u00bb button_border_width__hover_enabled=\u00bboff\u00bb button_one_border_width__hover_enabled=\u00bboff\u00bb button_two_border_width__hover_enabled=\u00bboff\u00bb button_border_color__hover_enabled=\u00bboff\u00bb button_one_border_color__hover_enabled=\u00bboff\u00bb button_two_border_color__hover_enabled=\u00bboff\u00bb button_border_radius__hover_enabled=\u00bboff\u00bb button_one_border_radius__hover_enabled=\u00bboff\u00bb button_two_border_radius__hover_enabled=\u00bboff\u00bb button_letter_spacing__hover_enabled=\u00bboff\u00bb button_one_letter_spacing__hover_enabled=\u00bboff\u00bb button_two_letter_spacing__hover_enabled=\u00bboff\u00bb button_bg_color__hover_enabled=\u00bboff\u00bb button_one_bg_color__hover_enabled=\u00bboff\u00bb button_two_bg_color__hover_enabled=\u00bboff\u00bb sticky_enabled=\u00bb0&#8243;][\/et_pb_contact_field][et_pb_contact_field field_id=\u00bbTelefon\u00bb field_title=\u00bbTel\u00e9fono*\u00bb _builder_version=\u00bb4.27.3&#8243; hover_enabled=\u00bb0&#8243; global_colors_info=\u00bb{}\u00bb button_text_size__hover_enabled=\u00bboff\u00bb button_one_text_size__hover_enabled=\u00bboff\u00bb button_two_text_size__hover_enabled=\u00bboff\u00bb button_text_color__hover_enabled=\u00bboff\u00bb button_one_text_color__hover_enabled=\u00bboff\u00bb button_two_text_color__hover_enabled=\u00bboff\u00bb button_border_width__hover_enabled=\u00bboff\u00bb button_one_border_width__hover_enabled=\u00bboff\u00bb button_two_border_width__hover_enabled=\u00bboff\u00bb button_border_color__hover_enabled=\u00bboff\u00bb button_one_border_color__hover_enabled=\u00bboff\u00bb button_two_border_color__hover_enabled=\u00bboff\u00bb button_border_radius__hover_enabled=\u00bboff\u00bb button_one_border_radius__hover_enabled=\u00bboff\u00bb button_two_border_radius__hover_enabled=\u00bboff\u00bb button_letter_spacing__hover_enabled=\u00bboff\u00bb button_one_letter_spacing__hover_enabled=\u00bboff\u00bb button_two_letter_spacing__hover_enabled=\u00bboff\u00bb button_bg_color__hover_enabled=\u00bboff\u00bb button_one_bg_color__hover_enabled=\u00bboff\u00bb button_two_bg_color__hover_enabled=\u00bboff\u00bb sticky_enabled=\u00bb0&#8243;][\/et_pb_contact_field][et_pb_contact_field field_id=\u00bbArbeitgeber\u00bb field_title=\u00bbEmpresa \/ Hospital \/ Consultorio *\u00bb fullwidth_field=\u00bbon\u00bb _builder_version=\u00bb4.19.4&#8243; global_colors_info=\u00bb{}\u00bb button_text_size__hover_enabled=\u00bboff\u00bb button_one_text_size__hover_enabled=\u00bboff\u00bb button_two_text_size__hover_enabled=\u00bboff\u00bb button_text_color__hover_enabled=\u00bboff\u00bb button_one_text_color__hover_enabled=\u00bboff\u00bb button_two_text_color__hover_enabled=\u00bboff\u00bb button_border_width__hover_enabled=\u00bboff\u00bb button_one_border_width__hover_enabled=\u00bboff\u00bb button_two_border_width__hover_enabled=\u00bboff\u00bb button_border_color__hover_enabled=\u00bboff\u00bb button_one_border_color__hover_enabled=\u00bboff\u00bb button_two_border_color__hover_enabled=\u00bboff\u00bb button_border_radius__hover_enabled=\u00bboff\u00bb button_one_border_radius__hover_enabled=\u00bboff\u00bb button_two_border_radius__hover_enabled=\u00bboff\u00bb button_letter_spacing__hover_enabled=\u00bboff\u00bb button_one_letter_spacing__hover_enabled=\u00bboff\u00bb button_two_letter_spacing__hover_enabled=\u00bboff\u00bb button_bg_color__hover_enabled=\u00bboff\u00bb button_one_bg_color__hover_enabled=\u00bboff\u00bb button_two_bg_color__hover_enabled=\u00bboff\u00bb][\/et_pb_contact_field][et_pb_contact_field field_id=\u00bbNachricht\u00bb field_title=\u00bbSu mensaje para nosotros *\u00bb field_type=\u00bbtext\u00bb fullwidth_field=\u00bbon\u00bb _builder_version=\u00bb4.21.0&#8243; _module_preset=\u00bbdefault\u00bb global_colors_info=\u00bb{}\u00bb][\/et_pb_contact_field][et_pb_contact_field field_id=\u00bbpage_name\u00bb field_title=\u00bbEvento\u00bb fullwidth_field=\u00bbon\u00bb _builder_version=\u00bb4.19.4&#8243; _module_preset=\u00bbdefault\u00bb custom_css_main_element=\u00bbdisplay: none !important;\u00bb global_colors_info=\u00bb{}\u00bb][\/et_pb_contact_field][et_pb_contact_field field_id=\u00bbpage_url\u00bb field_title=\u00bbEnlace de p&aacute;gina\u00bb fullwidth_field=\u00bbon\u00bb _builder_version=\u00bb4.16&#8243; _module_preset=\u00bbdefault\u00bb custom_css_main_element=\u00bbdisplay: none !important;\u00bb global_colors_info=\u00bb{}\u00bb][\/et_pb_contact_field][et_pb_contact_field field_id=\u00bbDatenschutz\u00bb field_title=\u00bbPol\u00edtica de protecci\u00f3n de datos\/privacidad\u00bb field_type=\u00bbcheckbox\u00bb checkbox_options=\u00bb%91{%22value%22:%22Acepto que K\u00f6nigsee Implantate GmbH recopile, trate y utilice mis datos para este fin. He le\u00eddo y acepto la Declaraci\u00f3n sobre protecci\u00f3n de datos. %22,%22checked%22:0,%22dragID%22:-1,%22link_url%22:%22\/es\/proteccin-de-datos\/%22,%22link_text%22:%22Ir a la p\u00e1gina de protecci\u00f3n de datos%22}%93&#8243; fullwidth_field=\u00bbon\u00bb _builder_version=\u00bb4.27.3&#8243; _module_preset=\u00bbdefault\u00bb hover_enabled=\u00bb0&#8243; global_colors_info=\u00bb{}\u00bb sticky_enabled=\u00bb0&#8243;][\/et_pb_contact_field][\/et_pb_contact_form][\/et_pb_column][\/et_pb_row][\/et_pb_section]<\/p>\n","protected":false},"excerpt":{"rendered":"<div class=\"et_pb_module dipl_button dipl_button_0\">\n\t\t\t\t\n\t\t\t\t\n\t\t\t\t\n\t\t\t\t\n\t\t\t\t\n\t\t\t\t\n\t\t\t\t<div class=\"et_pb_module_inner\">\n\t\t\t\t\t<div class=\"et_pb_module dipl_button_item dipl_button_item_0\">\n\t\t\t\t\n\t\t\t\t\n\t\t\t\t\n\t\t\t\t\n\t\t\t\t\n\t\t\t\t\n\t\t\t\t<div class=\"et_pb_module_inner\">\n\t\t\t\t\t<div class=\"dipl_button_wrapper dipl_button_classic\"><a class=\"dipl_button_link dipl_button_default_fill dipl_button_icon_right\" href=\"\/\" target=\"_self\"><span class=\"dipl_button_text dipl_button_icon\" data-icon=\"&#x5e;\">Inicio<\/span><\/a><\/div>\n\t\t\t\t<\/div>\n\t\t\t<\/div><div class=\"et_pb_module dipl_button_item dipl_button_item_1\">\n\t\t\t\t\n\t\t\t\t\n\t\t\t\t\n\t\t\t\t\n\t\t\t\t\n\t\t\t\t\n\t\t\t\t<div class=\"et_pb_module_inner\">\n\t\t\t\t\t\n\t\t\t\t<\/div>\n\t\t\t<\/div>\n\t\t\t\t<\/div>\n\t\t\t<\/div>\n","protected":false},"author":1,"featured_media":0,"parent":0,"menu_order":0,"comment_status":"closed","ping_status":"closed","template":"","meta":{"_et_pb_use_builder":"on","_et_pb_old_content":"","_et_gb_content_width":"","footnotes":""},"class_list":["post-24045","page","type-page","status-publish","hentry"],"_links":{"self":[{"href":"https:\/\/www.koenigsee-implantate.de\/es\/wp-json\/wp\/v2\/pages\/24045","targetHints":{"allow":["GET"]}}],"collection":[{"href":"https:\/\/www.koenigsee-implantate.de\/es\/wp-json\/wp\/v2\/pages"}],"about":[{"href":"https:\/\/www.koenigsee-implantate.de\/es\/wp-json\/wp\/v2\/types\/page"}],"author":[{"embeddable":true,"href":"https:\/\/www.koenigsee-implantate.de\/es\/wp-json\/wp\/v2\/users\/1"}],"replies":[{"embeddable":true,"href":"https:\/\/www.koenigsee-implantate.de\/es\/wp-json\/wp\/v2\/comments?post=24045"}],"version-history":[{"count":2,"href":"https:\/\/www.koenigsee-implantate.de\/es\/wp-json\/wp\/v2\/pages\/24045\/revisions"}],"predecessor-version":[{"id":25748,"href":"https:\/\/www.koenigsee-implantate.de\/es\/wp-json\/wp\/v2\/pages\/24045\/revisions\/25748"}],"wp:attachment":[{"href":"https:\/\/www.koenigsee-implantate.de\/es\/wp-json\/wp\/v2\/media?parent=24045"}],"curies":[{"name":"wp","href":"https:\/\/api.w.org\/{rel}","templated":true}]}}