{"id":24024,"date":"2023-02-24T13:17:05","date_gmt":"2023-02-24T12:17:05","guid":{"rendered":"https:\/\/www.koenigsee-implantate.de\/trabaje-con-nosotros\/"},"modified":"2024-11-14T16:11:32","modified_gmt":"2024-11-14T15:11:32","slug":"trabaje-con-nosotros","status":"publish","type":"page","link":"https:\/\/www.koenigsee-implantate.de\/es\/trabaje-con-nosotros\/","title":{"rendered":"Trabaje con nosotros"},"content":{"rendered":"<p>[et_pb_section fb_built=\u00bb1&#8243; custom_padding_last_edited=\u00bbon|tablet\u00bb admin_label=\u00bbHeader-Motiv\u00bb _builder_version=\u00bb4.19.5&#8243; _module_preset=\u00bbdefault\u00bb background_image=\u00bbhttps:\/\/www.koenigsee-implantate.de\/wp-content\/uploads\/2023\/02\/Mitarbeiter.jpg\u00bb parallax=\u00bbon\u00bb custom_padding=\u00bb15%|25%|15%|25%|true|true\u00bb custom_padding_tablet=\u00bb12%|25%|12%|25%|true|true\u00bb custom_padding_phone=\u00bb22%||22%||true|true\u00bb bottom_divider_style=\u00bbwave2&#8243; bottom_divider_color=\u00bb#FFFFFF\u00bb bottom_divider_arrangement=\u00bbabove_content\u00bb locked=\u00bboff\u00bb global_colors_info=\u00bb{}\u00bb][\/et_pb_section][et_pb_section fb_built=\u00bb1&#8243; disabled_on=\u00bboff|off|off\u00bb _builder_version=\u00bb4.21.0&#8243; _module_preset=\u00bbdefault\u00bb background_color=\u00bbRGBA(255,255,255,0)\u00bb positioning=\u00bbfixed\u00bb position_origin_f=\u00bbcenter_right\u00bb z_index=\u00bb100&#8243; width=\u00bb5vw\u00bb custom_margin_tablet=\u00bb|40px|||false|false\u00bb custom_margin_phone=\u00bb\u00bb custom_margin_last_edited=\u00bbon|desktop\u00bb locked=\u00bboff\u00bb global_colors_info=\u00bb{}\u00bb][et_pb_row module_id=\u00bbsticky-navi\u00bb _builder_version=\u00bb4.24.2&#8243; _module_preset=\u00bbdefault\u00bb width_tablet=\u00bb\u00bb width_phone=\u00bb\u00bb width_last_edited=\u00bbon|tablet\u00bb global_colors_info=\u00bb{}\u00bb][et_pb_column type=\u00bb4_4&#8243; _builder_version=\u00bb4.17.4&#8243; _module_preset=\u00bbdefault\u00bb global_colors_info=\u00bb{}\u00bb][et_pb_icon font_icon=\u00bb&#xf879;||fa||900&#8243; icon_color=\u00bb#006F81&#8243; icon_width=\u00bb36px\u00bb url=\u00bbtel:+4936738498550&#8243; admin_label=\u00bbTelefonkontakt\u00bb _builder_version=\u00bb4.21.0&#8243; _module_preset=\u00bbdefault\u00bb background_color=\u00bb#FFFFFF\u00bb custom_padding=\u00bb15px|15px|15px|15px|true|true\u00bb border_radii=\u00bbon|5px|5px|5px|5px\u00bb global_colors_info=\u00bb{}\u00bb icon_color__hover_enabled=\u00bbon|hover\u00bb icon_color__hover=\u00bb#73B1BD\u00bb background__hover_enabled=\u00bbon|hover\u00bb background_color__hover=\u00bb#FFFFFF\u00bb background_enable_color__hover=\u00bbon\u00bb][\/et_pb_icon][et_pb_icon font_icon=\u00bb&#xf0e0;||fa||900&#8243; icon_color=\u00bb#006F81&#8243; icon_width=\u00bb36px\u00bb url=\u00bbhttps:\/\/www.koenigsee-implantate.de\/kontaktformular\/\u00bb admin_label=\u00bbKontaktformular\u00bb _builder_version=\u00bb4.24.2&#8243; _module_preset=\u00bbdefault\u00bb background_color=\u00bb#FFFFFF\u00bb custom_padding=\u00bb15px|15px|15px|15px|true|true\u00bb border_radii=\u00bbon|5px|5px|5px|5px\u00bb global_colors_info=\u00bb{}\u00bb icon_color__hover_enabled=\u00bbon|hover\u00bb icon_color__hover=\u00bb#73B1BD\u00bb background__hover_enabled=\u00bbon|hover\u00bb background_color__hover=\u00bb#FFFFFF\u00bb background_enable_color__hover=\u00bbon\u00bb][\/et_pb_icon][et_pb_icon font_icon=\u00bb&#x5e;||divi||400&#8243; icon_color=\u00bbRGBA(255,255,255,0)\u00bb icon_width=\u00bb36px\u00bb title_text=\u00bbEMAS-Icon\u00bb url=\u00bbhttps:\/\/www.koenigsee-implantate.de\/unternehmen\/nachhaltigkeit\/#EMAS\u00bb admin_label=\u00bbEMAS\u00bb _builder_version=\u00bb4.24.2&#8243; _module_preset=\u00bbdefault\u00bb background_color=\u00bb#FFFFFF\u00bb background_image=\u00bbhttps:\/\/www.koenigsee-implantate.de\/wp-content\/uploads\/2024\/03\/EMAS-Icon.png\u00bb custom_padding=\u00bb15px|15px|15px|15px|true|true\u00bb border_radii=\u00bbon|5px|5px|5px|5px\u00bb global_colors_info=\u00bb{}\u00bb icon_color__hover_enabled=\u00bbon|hover\u00bb icon_color__hover=\u00bbRGBA(255,255,255,0)\u00bb background__hover_enabled=\u00bbon|hover\u00bb background_color__hover=\u00bb#FFFFFF\u00bb background_enable_color__hover=\u00bbon\u00bb filter_opacity__hover_enabled=\u00bbon|hover\u00bb filter_opacity__hover=\u00bb80%\u00bb][\/et_pb_icon][\/et_pb_column][\/et_pb_row][\/et_pb_section][et_pb_section fb_built=\u00bb1&#8243; _builder_version=\u00bb4.16.1&#8243; _module_preset=\u00bbdefault\u00bb global_colors_info=\u00bb{}\u00bb][et_pb_row _builder_version=\u00bb4.16&#8243; _module_preset=\u00bbdefault\u00bb custom_margin=\u00bb||0px||false|false\u00bb custom_padding=\u00bb||0px||false|false\u00bb locked=\u00bboff\u00bb global_colors_info=\u00bb{}\u00bb][et_pb_column type=\u00bb4_4&#8243; _builder_version=\u00bb4.16&#8243; _module_preset=\u00bbdefault\u00bb global_colors_info=\u00bb{}\u00bb][et_pb_text _builder_version=\u00bb4.19.5&#8243; _dynamic_attributes=\u00bbcontent\u00bb _module_preset=\u00bbdefault\u00bb header_2_font_size=\u00bb62px\u00bb custom_margin=\u00bb||0px||false|false\u00bb custom_padding=\u00bb0px||0px||false|false\u00bb header_font_size_tablet=\u00bb\u00bb header_font_size_phone=\u00bb42px\u00bb header_font_size_last_edited=\u00bbon|phone\u00bb locked=\u00bboff\u00bb global_colors_info=\u00bb{}\u00bb]@ET-DC@eyJkeW5hbWljIjp0cnVlLCJjb250ZW50IjoicG9zdF90aXRsZSIsInNldHRpbmdzIjp7ImJlZm9yZSI6IjxoMT4iLCJhZnRlciI6IjwvaDE+In19@[\/et_pb_text][\/et_pb_column][\/et_pb_row][et_pb_row _builder_version=\u00bb4.19.5&#8243; _module_preset=\u00bbdefault\u00bb global_colors_info=\u00bb{}\u00bb][et_pb_column type=\u00bb4_4&#8243; _builder_version=\u00bb4.19.5&#8243; _module_preset=\u00bbdefault\u00bb global_colors_info=\u00bb{}\u00bb][et_pb_text _builder_version=\u00bb4.19.5&#8243; _module_preset=\u00bbdefault\u00bb global_colors_info=\u00bb{}\u00bb]<\/p>\n<div class=\"et_pb_module et_pb_text et_pb_text_4 et_pb_text_align_left et_pb_bg_layout_light\">\n<div class=\"et_pb_text_inner\">\n<p><span style=\"color: #000000;\">K&ouml;nigsee Implantate combina la fascinaci&oacute;n de una empresa de tecnolog&iacute;a m&eacute;dica orientada al futuro y activa a escala internacional con la cultura de una mediana empresa gestionada por sus propietarios. <\/span><span style=\"color: #000000;\">Como empresa innovadora en crecimiento, buscamos compa&ntilde;eros motivados que quieran perseguir objetivos ambiciosos y crecer con nosotros ante los desaf&iacute;os. <\/span><span style=\"color: #000000;\">\u00bfEst&aacute; preparado para recorrer nuevos caminos con nosotros? En ese caso, \u00a1aproveche la oportunidad y d&eacute; a su futuro una nueva perspectiva! M&aacute;s de 150 empleados forman ya parte del equipo en expansi&oacute;n de K&ouml;nigsee Implantate. Estar&iacute;amos encantados de que se uniera a nosotros lo antes posible y presentara su candidatura para reforzar nuestro equipo.<\/span><\/p>\n<\/div>\n<\/div>\n<p>[\/et_pb_text][\/et_pb_column][\/et_pb_row][\/et_pb_section][et_pb_section fb_built=\u00bb1&#8243; _builder_version=\u00bb4.19.5&#8243; _module_preset=\u00bbdefault\u00bb background_color=\u00bb#F4F4F4&#8243; global_colors_info=\u00bb{}\u00bb][et_pb_row _builder_version=\u00bb4.19.5&#8243; _module_preset=\u00bbdefault\u00bb global_colors_info=\u00bb{}\u00bb][et_pb_column type=\u00bb4_4&#8243; _builder_version=\u00bb4.19.5&#8243; _module_preset=\u00bbdefault\u00bb global_colors_info=\u00bb{}\u00bb][et_pb_text _builder_version=\u00bb4.19.5&#8243; _module_preset=\u00bbdefault\u00bb custom_margin=\u00bb||-50px|||\u00bb global_colors_info=\u00bb{}\u00bb]<\/p>\n<p>Vida sostenible<\/p>\n<p>&nbsp;<\/p>\n<p>[\/et_pb_text][et_pb_text _builder_version=\u00bb4.19.5&#8243; _module_preset=\u00bbdefault\u00bb global_colors_info=\u00bb{}\u00bb]<\/p>\n<h2>Pensar de forma sostenible y trabajar con &eacute;xito<\/h2>\n<p>[\/et_pb_text][\/et_pb_column][\/et_pb_row][\/et_pb_section][et_pb_section fb_built=\u00bb1&#8243; _builder_version=\u00bb4.19.5&#8243; _module_preset=\u00bbdefault\u00bb global_colors_info=\u00bb{}\u00bb][et_pb_row column_structure=\u00bb1_2,1_2&#8243; _builder_version=\u00bb4.19.5&#8243; _module_preset=\u00bbdefault\u00bb global_colors_info=\u00bb{}\u00bb][et_pb_column type=\u00bb1_2&#8243; _builder_version=\u00bb4.19.5&#8243; _module_preset=\u00bbdefault\u00bb global_colors_info=\u00bb{}\u00bb][et_pb_image src=\u00bbhttps:\/\/www.koenigsee-implantate.de\/wp-content\/uploads\/2023\/06\/DSC04983.jpg\u00bb alt=\u00bbTrabaje con nosotros\u00bb title_text=\u00bbDSC04983&#8243; _builder_version=\u00bb4.24.2&#8243; _module_preset=\u00bbdefault\u00bb global_colors_info=\u00bb{}\u00bb][\/et_pb_image][\/et_pb_column][et_pb_column type=\u00bb1_2&#8243; _builder_version=\u00bb4.19.5&#8243; _module_preset=\u00bbdefault\u00bb global_colors_info=\u00bb{}\u00bb][et_pb_text _builder_version=\u00bb4.19.5&#8243; _module_preset=\u00bbdefault\u00bb global_colors_info=\u00bb{}\u00bb]<\/p>\n<h1>Lo que nos hace especiales<\/h1>\n<p>Los principios clave de K&ouml;nigsee Implantate son la sostenibilidad, la honestidad y la igualdad. Con una cuota femenina de m&aacute;s del 80&nbsp;% en puestos directivos, somos pioneros ejemplares entre los empleadores de Alemania. Remuneramos de forma justa y transparente, independientemente de la edad o el sexo. Somos una empresa inclusiva, independientemente del origen o la religi&oacute;n, combinamos culturas y nos beneficiamos de los resultados de nuestros empleados.<\/p>\n<p>[\/et_pb_text][\/et_pb_column][\/et_pb_row][\/et_pb_section][et_pb_section fb_built=\u00bb1&#8243; admin_label=\u00bbSch\u00fcler:innen\u00bb _builder_version=\u00bb4.20.0&#8243; _module_preset=\u00bbdefault\u00bb background_color=\u00bb#f4f4f4&#8243; global_colors_info=\u00bb{}\u00bb][et_pb_row _builder_version=\u00bb4.19.5&#8243; _module_preset=\u00bbdefault\u00bb global_colors_info=\u00bb{}\u00bb][et_pb_column type=\u00bb4_4&#8243; _builder_version=\u00bb4.19.5&#8243; _module_preset=\u00bbdefault\u00bb global_colors_info=\u00bb{}\u00bb][et_pb_text _builder_version=\u00bb4.19.5&#8243; _module_preset=\u00bbdefault\u00bb global_colors_info=\u00bb{}\u00bb]<\/p>\n<h3>Alumnos:as<\/h3>\n<h6>Comienzo profesional en K&ouml;nigsee Implantate &#8211; Hacemos ganadores de la C&aacute;mara<\/h6>\n<p>[\/et_pb_text][\/et_pb_column][\/et_pb_row][et_pb_row column_structure=\u00bb1_2,1_2&#8243; _builder_version=\u00bb4.19.5&#8243; _module_preset=\u00bbdefault\u00bb locked=\u00bboff\u00bb global_colors_info=\u00bb{}\u00bb][et_pb_column type=\u00bb1_2&#8243; _builder_version=\u00bb4.19.5&#8243; _module_preset=\u00bbdefault\u00bb global_colors_info=\u00bb{}\u00bb][et_pb_image src=\u00bbhttps:\/\/www.koenigsee-implantate.de\/wp-content\/uploads\/2022\/10\/koenigsee-implantate-Portraitkampagne-marcelmende-0018-scaled.jpg\u00bb alt=\u00bbOperario\/a de mecanizado\u00bb title_text=\u00bbk&ouml;nigsee implantate Retrato de la campa&ntilde;a marcelmende 0018&#8243; _builder_version=\u00bb4.20.0&#8243; _module_preset=\u00bbdefault\u00bb global_colors_info=\u00bb{}\u00bb][\/et_pb_image][\/et_pb_column][et_pb_column type=\u00bb1_2&#8243; _builder_version=\u00bb4.19.5&#8243; _module_preset=\u00bbdefault\u00bb global_colors_info=\u00bb{}\u00bb][et_pb_text _builder_version=\u00bb4.20.0&#8243; _module_preset=\u00bbdefault\u00bb global_colors_info=\u00bb{}\u00bb]La formaci&oacute;n de nuestros j&oacute;venes es muy importante para nosotros.&nbsp; Con nuestro propio taller de formaci&oacute;n cerca de nuestra sede central, disponemos de las mejores condiciones para una formaci&oacute;n satisfactoria. Nuestros formadores le ofrecen un apoyo personalizado y cualificado.&nbsp; A los j&oacute;venes profesionales que superan con &eacute;xito el examen se les ofrece un puesto de trabajo y la oportunidad de desarrollarse personalmente. M&aacute;s informaci&oacute;n sobre nuestros oficios de formaci&oacute;n profesional[\/et_pb_text][et_pb_button button_url=\u00bb@ET-DC@eyJkeW5hbWljIjp0cnVlLCJjb250ZW50IjoicG9zdF9saW5rX3VybF9wYWdlIiwic2V0dGluZ3MiOnsicG9zdF9pZCI6IjEzMjgzIn19@\u00bb button_text=\u00bbM\u00e1s informaci\u00f3n sobre nuestro programa de formaci\u00f3n\u00bb _builder_version=\u00bb4.27.3&#8243; _dynamic_attributes=\u00bbbutton_url\u00bb _module_preset=\u00bbdefault\u00bb custom_button=\u00bbon\u00bb button_text_color=\u00bb#FFFFFF\u00bb button_bg_color=\u00bb#73B1BD\u00bb button_icon_color=\u00bb#FFFFFF\u00bb hover_enabled=\u00bb0&#8243; locked=\u00bboff\u00bb global_colors_info=\u00bb{}\u00bb sticky_enabled=\u00bb0&#8243;][\/et_pb_button][et_pb_button button_url=\u00bbhttps:\/\/www.koenigsee-implantate.de\/wp-content\/uploads\/2023\/03\/Imagebroschuere_Azubis_web.pdf\u00bb url_new_window=\u00bbon\u00bb button_text=\u00bbDescargar el folleto de formaci\u00f3n profesional\u00bb _builder_version=\u00bb4.27.3&#8243; _module_preset=\u00bbdefault\u00bb custom_button=\u00bbon\u00bb button_text_color=\u00bb#FFFFFF\u00bb button_bg_color=\u00bb#73B1BD\u00bb hover_enabled=\u00bb0&#8243; locked=\u00bboff\u00bb global_colors_info=\u00bb{}\u00bb sticky_enabled=\u00bb0&#8243;][\/et_pb_button][\/et_pb_column][\/et_pb_row][\/et_pb_section][et_pb_section fb_built=\u00bb1&#8243; _builder_version=\u00bb4.19.5&#8243; _module_preset=\u00bbdefault\u00bb global_colors_info=\u00bb{}\u00bb][et_pb_row column_structure=\u00bb3_5,2_5&#8243; _builder_version=\u00bb4.19.5&#8243; _module_preset=\u00bbdefault\u00bb global_colors_info=\u00bb{}\u00bb][et_pb_column type=\u00bb3_5&#8243; _builder_version=\u00bb4.19.5&#8243; _module_preset=\u00bbdefault\u00bb global_colors_info=\u00bb{}\u00bb][et_pb_text _builder_version=\u00bb4.19.5&#8243; _module_preset=\u00bbdefault\u00bb global_colors_info=\u00bb{}\u00bb]<\/p>\n<h3>Acogida e iniciaci&oacute;n de nuevos empleados<\/h3>\n<p>Para nosotros es importante que se incorpore de forma r&aacute;pida y adecuada. Con nuestra oferta le apoyamos para que forme parte de nuestro equipo:<\/p>\n<ul>\n<li>\n<p>Participar&aacute; en nuestro programa de incorporaci&oacute;n en la sede central de Aschau, que le servir&aacute; para familiarizarse con K&ouml;nigsee Implantate y para relacionarse con sus nuevos compa&ntilde;eros.<\/p>\n<\/li>\n<li>\n<p>Recibir&aacute; un plan de iniciaci&oacute;n personalizado y adaptado a sus necesidades<\/p>\n<\/li>\n<li>\n<p>un tutor de la especialidad estar&aacute; a su lado<\/p>\n<\/li>\n<li>\n<p>reuniones peri&oacute;dicas con su superior<\/p>\n<\/li>\n<\/ul>\n<p>[\/et_pb_text][\/et_pb_column][et_pb_column type=\u00bb2_5&#8243; _builder_version=\u00bb4.19.5&#8243; _module_preset=\u00bbdefault\u00bb global_colors_info=\u00bb{}\u00bb][et_pb_image src=\u00bbhttps:\/\/www.koenigsee-implantate.de\/wp-content\/uploads\/2023\/02\/Begruessung-scaled.jpeg\u00bb alt=\u00bbSaludos\u00bb title_text=\u00bb2022_begruessung_Kirchner_Schmidt_Hopf\u00bb _builder_version=\u00bb4.19.5&#8243; _module_preset=\u00bbdefault\u00bb global_colors_info=\u00bb{}\u00bb][\/et_pb_image][\/et_pb_column][\/et_pb_row][et_pb_row column_structure=\u00bb2_5,3_5&#8243; _builder_version=\u00bb4.19.5&#8243; _module_preset=\u00bbdefault\u00bb global_colors_info=\u00bb{}\u00bb][et_pb_column type=\u00bb2_5&#8243; _builder_version=\u00bb4.19.5&#8243; _module_preset=\u00bbdefault\u00bb global_colors_info=\u00bb{}\u00bb][et_pb_image src=\u00bbhttps:\/\/www.koenigsee-implantate.de\/wp-content\/uploads\/2023\/02\/Familiemit-Hund.jpg\u00bb alt=\u00bbFamilia con perro\u00bb title_text=\u00bbFamilia y ni&ntilde;os con perro en el jard&iacute;n\u00bb _builder_version=\u00bb4.19.5&#8243; _module_preset=\u00bbdefault\u00bb global_colors_info=\u00bb{}\u00bb][\/et_pb_image][\/et_pb_column][et_pb_column type=\u00bb3_5&#8243; _builder_version=\u00bb4.19.5&#8243; _module_preset=\u00bbdefault\u00bb global_colors_info=\u00bb{}\u00bb][et_pb_text _builder_version=\u00bb4.24.2&#8243; _module_preset=\u00bbdefault\u00bb global_colors_info=\u00bb{}\u00bb]<\/p>\n<h3>Carrera profesional en una empresa que favorece la conciliaci&oacute;n<\/h3>\n<p>Para nosotros es especialmente importante que nuestros empleados puedan compaginar familia y profesi&oacute;n de forma particularmente satisfactoria. Por eso ofrecemos un modelo de jornada laboral con horario flexible.<\/p>\n<p>Dependiendo del departamento, pueden establecerse acuerdos individuales con el superior inmediato, sobre todo en lo que respecta al trabajo a domicilio, a tiempo parcial y a la jubilaci&oacute;n parcial.<\/p>\n<p>Podemos asesorarle sobre todos los aspectos de la <a href=\"https:\/\/familienportal.de\/familienportal\/familienleistungen\/mutterschutz\" target=\"_blank\" rel=\"noopener\">baja por maternidad<\/a>, el <a href=\"https:\/\/familienportal.de\/familienportal\/familienleistungen\/elternzeit\" target=\"_blank\" rel=\"noopener\">permiso parental<\/a> y la reincorporaci&oacute;n a la vida profesional.<\/p>\n<p>[\/et_pb_text][\/et_pb_column][\/et_pb_row][\/et_pb_section][et_pb_section fb_built=\u00bb1&#8243; _builder_version=\u00bb4.19.5&#8243; _module_preset=\u00bbdefault\u00bb background_color=\u00bb#BAD6DD\u00bb global_colors_info=\u00bb{}\u00bb][et_pb_row _builder_version=\u00bb4.19.5&#8243; _module_preset=\u00bbdefault\u00bb global_colors_info=\u00bb{}\u00bb][et_pb_column type=\u00bb4_4&#8243; _builder_version=\u00bb4.19.5&#8243; _module_preset=\u00bbdefault\u00bb global_colors_info=\u00bb{}\u00bb][et_pb_text _builder_version=\u00bb4.19.5&#8243; _module_preset=\u00bbdefault\u00bb global_colors_info=\u00bb{}\u00bb]<\/p>\n<h3 style=\"text-align: center;\">Promoci&oacute;n de la salud<\/h3>\n<p style=\"text-align: center;\">La salud es lo m&aacute;s importante que tenemos. Cuidamos de usted. Ofrecemos reconocimientos m&eacute;dicos de empresa y asesoramiento para problemas m&eacute;dicos. Tambi&eacute;n reciben una subvenci&oacute;n para las ayudas visuales necesarias en el lugar de trabajo.<\/p>\n<p>[\/et_pb_text][\/et_pb_column][\/et_pb_row][\/et_pb_section][et_pb_section fb_built=\u00bb1&#8243; _builder_version=\u00bb4.19.5&#8243; _module_preset=\u00bbdefault\u00bb global_colors_info=\u00bb{}\u00bb][et_pb_row column_structure=\u00bb2_5,3_5&#8243; _builder_version=\u00bb4.19.5&#8243; _module_preset=\u00bbdefault\u00bb global_colors_info=\u00bb{}\u00bb][et_pb_column type=\u00bb2_5&#8243; _builder_version=\u00bb4.19.5&#8243; _module_preset=\u00bbdefault\u00bb global_colors_info=\u00bb{}\u00bb][et_pb_image src=\u00bbhttps:\/\/www.koenigsee-implantate.de\/wp-content\/uploads\/2023\/11\/AdobeStock_169180655-scaled.jpeg\u00bb alt=\u00bb2022_Einweihung_Lades&auml;ulen\u00bb title_text=\u00bbEMPLOYEE BENEFITS TECHNOLOGY COMMUNICATION definition highlighted\u00bb _builder_version=\u00bb4.23.1&#8243; _module_preset=\u00bbdefault\u00bb global_colors_info=\u00bb{}\u00bb][\/et_pb_image][\/et_pb_column][et_pb_column type=\u00bb3_5&#8243; _builder_version=\u00bb4.19.5&#8243; _module_preset=\u00bbdefault\u00bb global_colors_info=\u00bb{}\u00bb][et_pb_text _builder_version=\u00bb4.19.5&#8243; _module_preset=\u00bbdefault\u00bb global_colors_info=\u00bb{}\u00bb]<\/p>\n<h3>Beneficios corporativos<\/h3>\n<ul>\n<li>R&eacute;gimen de pensiones de empresa<\/li>\n<li>Alquiler de bicicletas<\/li>\n<li>Tarjetas de regalo de uso individual<\/li>\n<li>Aparcamientos cercanos a la empresa<\/li>\n<li>Opciones de restauraci&oacute;n en la sala de estar con personal de asistencia<\/li>\n<li>Suministro gratuito de agua<\/li>\n<li>Carga gratuita de coches el&eacute;ctricos<\/li>\n<\/ul>\n<p>[\/et_pb_text][\/et_pb_column][\/et_pb_row][et_pb_row column_structure=\u00bb3_5,2_5&#8243; _builder_version=\u00bb4.19.5&#8243; _module_preset=\u00bbdefault\u00bb global_colors_info=\u00bb{}\u00bb][et_pb_column type=\u00bb3_5&#8243; _builder_version=\u00bb4.19.5&#8243; _module_preset=\u00bbdefault\u00bb global_colors_info=\u00bb{}\u00bb][et_pb_text _builder_version=\u00bb4.25.0&#8243; _module_preset=\u00bbdefault\u00bb global_colors_info=\u00bb{}\u00bb]<\/p>\n<p>\u00bfA&uacute;n tiene preguntas?<\/p>\n<p>Si tiene m&aacute;s preguntas sobre las carreras profesionales en K&ouml;nigsee Implantate, p&oacute;ngase en contacto con nuestro equipo de contrataci&oacute;n en <a href=\"mailto:bewerbung@koenigsee-implantate.de\">bewerbung@koenigsee-implantate.de<\/a>.<\/p>\n<p>Tambi&eacute;n puede llamarnos por tel&eacute;fono al 036738\/498-533<\/p>\n<p>[\/et_pb_text][\/et_pb_column][et_pb_column type=\u00bb2_5&#8243; _builder_version=\u00bb4.19.5&#8243; _module_preset=\u00bbdefault\u00bb global_colors_info=\u00bb{}\u00bb][et_pb_image src=\u00bbhttps:\/\/www.koenigsee-implantate.de\/wp-content\/uploads\/2024\/06\/DSC09431_1.jpg\u00bb alt=\u00bbInterlocutor sobre personal\u00bb title_text=\u00bbDSC09431_1&#8243; _builder_version=\u00bb4.25.0&#8243; _module_preset=\u00bbdefault\u00bb global_colors_info=\u00bb{}\u00bb][\/et_pb_image][\/et_pb_column][\/et_pb_row][\/et_pb_section]<\/p>\n","protected":false},"excerpt":{"rendered":"<p>K&ouml;nigsee Implantate combina la fascinaci&oacute;n de una empresa de tecnolog&iacute;a m&eacute;dica orientada al futuro y activa a escala internacional con la cultura de una mediana empresa gestionada por sus propietarios. [&hellip;]<\/p>\n","protected":false},"author":1,"featured_media":0,"parent":0,"menu_order":0,"comment_status":"closed","ping_status":"closed","template":"","meta":{"_et_pb_use_builder":"on","_et_pb_old_content":"","_et_gb_content_width":"","footnotes":""},"class_list":["post-24024","page","type-page","status-publish","hentry"],"_links":{"self":[{"href":"https:\/\/www.koenigsee-implantate.de\/es\/wp-json\/wp\/v2\/pages\/24024","targetHints":{"allow":["GET"]}}],"collection":[{"href":"https:\/\/www.koenigsee-implantate.de\/es\/wp-json\/wp\/v2\/pages"}],"about":[{"href":"https:\/\/www.koenigsee-implantate.de\/es\/wp-json\/wp\/v2\/types\/page"}],"author":[{"embeddable":true,"href":"https:\/\/www.koenigsee-implantate.de\/es\/wp-json\/wp\/v2\/users\/1"}],"replies":[{"embeddable":true,"href":"https:\/\/www.koenigsee-implantate.de\/es\/wp-json\/wp\/v2\/comments?post=24024"}],"version-history":[{"count":2,"href":"https:\/\/www.koenigsee-implantate.de\/es\/wp-json\/wp\/v2\/pages\/24024\/revisions"}],"predecessor-version":[{"id":25923,"href":"https:\/\/www.koenigsee-implantate.de\/es\/wp-json\/wp\/v2\/pages\/24024\/revisions\/25923"}],"wp:attachment":[{"href":"https:\/\/www.koenigsee-implantate.de\/es\/wp-json\/wp\/v2\/media?parent=24024"}],"curies":[{"name":"wp","href":"https:\/\/api.w.org\/{rel}","templated":true}]}}