{"id":23430,"date":"2022-01-14T08:01:55","date_gmt":"2022-01-14T07:01:55","guid":{"rendered":"https:\/\/www.koenigsee-implantate.de\/contacto\/"},"modified":"2025-06-27T09:44:17","modified_gmt":"2025-06-27T07:44:17","slug":"contacto","status":"publish","type":"page","link":"https:\/\/www.koenigsee-implantate.de\/es\/contacto\/","title":{"rendered":"Contacto"},"content":{"rendered":"<p>[et_pb_section fb_built=\u00bb1&#8243; module_id=\u00bbResumen de productos\u00bb _builder_version=\u00bb4.16&#8243; _module_preset=\u00bbdefault\u00bb custom_margin=\u00bb||0px||false|false\u00bb custom_padding=\u00bb||0px||false|false\u00bb global_colors_info=\u00bb{}\u00bb][et_pb_row disabled_on=\u00bbon|off|off\u00bb _builder_version=\u00bb4.16&#8243; _module_preset=\u00bbdefault\u00bb custom_margin=\u00bb||0px||false|false\u00bb custom_padding=\u00bb||0px||false|false\u00bb locked=\u00bboff\u00bb global_colors_info=\u00bb{}\u00bb][et_pb_column type=\u00bb4_4&#8243; _builder_version=\u00bb4.16&#8243; _module_preset=\u00bbdefault\u00bb custom_padding=\u00bb0px||0px||false|false\u00bb global_colors_info=\u00bb{}\u00bb][dipl_button inline_buttons=\u00bbon\u00bb _builder_version=\u00bb4.14.6&#8243; _module_preset=\u00bbdefault\u00bb custom_margin=\u00bb||-2px||false|false\u00bb global_colors_info=\u00bb{}\u00bb][dipl_button_item button_text=\u00bbInicio\u00bb button_url=\u00bb\/\u00bb button_use_icon=\u00bbon\u00bb button_icon=\u00bb&#x5e;||divi||400&#8243; button_icon_color=\u00bb#D8E9ED\u00bb button_on_hover=\u00bboff\u00bb button_custom_margin=\u00bb0px|-12px|0px|0px|false|false\u00bb button_custom_padding=\u00bb0px||0px|0px|false|false\u00bb _builder_version=\u00bb4.16&#8243; _module_preset=\u00bbdefault\u00bb button_text_color=\u00bb#73B1BD\u00bb button_font_size=\u00bb22px\u00bb global_colors_info=\u00bb{}\u00bb button_text_color__hover_enabled=\u00bbon|hover\u00bb button_text_color__hover=\u00bb#006F81&#8243;][\/dipl_button_item][dipl_button_item button_text=\u00bb@ET-DC@eyJkeW5hbWljIjp0cnVlLCJjb250ZW50IjoicG9zdF90aXRsZSIsInNldHRpbmdzIjp7ImJlZm9yZSI6IiIsImFmdGVyIjoiIn19@\u00bb button_custom_margin=\u00bb0px||0px||false|false\u00bb button_custom_padding=\u00bb0px||0px||false|false\u00bb _builder_version=\u00bb4.16&#8243; _dynamic_attributes=\u00bbbutton_text\u00bb _module_preset=\u00bbdefault\u00bb button_font_size=\u00bb22px\u00bb global_colors_info=\u00bb{}\u00bb][\/dipl_button_item][\/dipl_button][\/et_pb_column][\/et_pb_row][et_pb_row _builder_version=\u00bb4.16&#8243; _module_preset=\u00bbdefault\u00bb custom_margin=\u00bb||0px||false|false\u00bb custom_margin_tablet=\u00bb||0px||false|false\u00bb custom_margin_phone=\u00bb||0px||false|false\u00bb custom_margin_last_edited=\u00bbon|desktop\u00bb custom_padding=\u00bb||0px||false|false\u00bb locked=\u00bboff\u00bb global_colors_info=\u00bb{}\u00bb][et_pb_column type=\u00bb4_4&#8243; _builder_version=\u00bb4.16&#8243; _module_preset=\u00bbdefault\u00bb global_colors_info=\u00bb{}\u00bb][et_pb_text _builder_version=\u00bb4.16&#8243; _dynamic_attributes=\u00bbcontent\u00bb _module_preset=\u00bbdefault\u00bb text_font=\u00bb|600|||||||\u00bb text_font_size=\u00bb62px\u00bb header_font=\u00bb|300|||||||\u00bb header_2_font_size=\u00bb62px\u00bb custom_margin=\u00bb||||false|false\u00bb custom_margin_tablet=\u00bb||0px||false|false\u00bb custom_margin_phone=\u00bb||0px||false|false\u00bb custom_margin_last_edited=\u00bbon|phone\u00bb custom_padding=\u00bb0px||0px||false|false\u00bb header_font_size_tablet=\u00bb\u00bb header_font_size_phone=\u00bb42px\u00bb header_font_size_last_edited=\u00bbon|phone\u00bb locked=\u00bboff\u00bb global_colors_info=\u00bb{}\u00bb]@ET-DC@eyJkeW5hbWljIjp0cnVlLCJjb250ZW50IjoicG9zdF90aXRsZSIsInNldHRpbmdzIjp7ImJlZm9yZSI6IjxoMT4iLCJhZnRlciI6IjwvaDE+In19@[\/et_pb_text][\/et_pb_column][\/et_pb_row][et_pb_row column_structure=\u00bb2_3,1_3&#8243; _builder_version=\u00bb4.16&#8243; _module_preset=\u00bbdefault\u00bb custom_margin=\u00bb0px||0px||false|false\u00bb custom_padding=\u00bb0px|0px|0px|0px|false|false\u00bb locked=\u00bboff\u00bb global_colors_info=\u00bb{}\u00bb][et_pb_column type=\u00bb2_3&#8243; module_class=\u00bbbild-links\u00bb admin_label=\u00bbImagen-izquierda\u00bb _builder_version=\u00bb4.16&#8243; _module_preset=\u00bbdefault\u00bb global_colors_info=\u00bb{}\u00bb][et_pb_image src=\u00bbhttps:\/\/www.koenigsee-implantate.de\/wp-content\/uploads\/2022\/01\/Koengsee-Implantate-Kontakt-Zentrale.jpg\u00bb title_text=\u00bbKoengsee-Implantate-Contacto-Sede central\u00bb _builder_version=\u00bb4.16&#8243; _module_preset=\u00bbdefault\u00bb width=\u00bb115%\u00bb max_height=\u00bb560px\u00bb custom_margin=\u00bb5%||||false|false\u00bb custom_margin_tablet=\u00bb0%|40px|-73px|-40px|false|false\u00bb custom_margin_phone=\u00bb|20px|-53px|-20px|false|false\u00bb custom_margin_last_edited=\u00bbon|phone\u00bb custom_padding=\u00bb||0px||false|false\u00bb global_colors_info=\u00bb{}\u00bb][\/et_pb_image][\/et_pb_column][et_pb_column type=\u00bb1_3&#8243; module_class=\u00bbtext-rechts\u00bb admin_label=\u00bbTexto-derecha\u00bb _builder_version=\u00bb4.16&#8243; _module_preset=\u00bbdefault\u00bb background_color=\u00bb#73B1BD\u00bb background_color_gradient_direction=\u00bb194deg\u00bb background_color_gradient_start=\u00bb#006f81&#8243; background_color_gradient_end=\u00bb#4c0b71&#8243; transform_translate_linked=\u00bboff\u00bb custom_padding=\u00bb40px|40px|40px|40px|false|false\u00bb custom_padding_tablet=\u00bb40px|40px|40px|40px|false|false\u00bb custom_padding_phone=\u00bb40px|40px|40px|40px|false|false\u00bb custom_padding_last_edited=\u00bbon|tablet\u00bb border_radii=\u00bboff||||40px\u00bb border_radii_tablet=\u00bboff||||40px\u00bb border_radii_phone=\u00bboff||||40px\u00bb border_radii_last_edited=\u00bbon|phone\u00bb global_colors_info=\u00bb{}\u00bb][et_pb_text _builder_version=\u00bb4.16&#8243; _module_preset=\u00bbdefault\u00bb text_text_color=\u00bb#FFFFFF\u00bb header_font=\u00bbJost Regular|300|||||||\u00bb header_text_color=\u00bb#FFFFFF\u00bb header_2_font=\u00bbJost Regular||||||||\u00bb header_2_text_color=\u00bb#FFFFFF\u00bb header_2_font_size=\u00bb42px\u00bb custom_margin=\u00bb||20px||false|false\u00bb custom_padding=\u00bb||0px||false|false\u00bb header_2_font_size_tablet=\u00bb42px\u00bb header_2_font_size_phone=\u00bb42px\u00bb header_2_font_size_last_edited=\u00bbon|phone\u00bb locked=\u00bboff\u00bb global_colors_info=\u00bb{}\u00bb]<\/p>\n<h2>\u00bfDesea hacer un pedido?<\/h2>\n<p>[\/et_pb_text][et_pb_text _builder_version=\u00bb4.27.4&#8243; _module_preset=\u00bbdefault\u00bb text_text_color=\u00bb#FFFFFF\u00bb global_colors_info=\u00bb{}\u00bb]<\/p>\n<p><strong>K\u00f6nigsee Implantate GmbH<\/strong><br \/>Am Sand 4<br \/>07426 Allendorf<br \/>Alemania<\/p>\n<p>Tel\u00e9fono: +49 36738 498-560<br \/><a href=\"mailto:export@koenigsee-implantate.de%20\u00a0\" title=\"Contacto Email\">export@koenigsee-implantate.de<\/a><\/p>\n<p><a class=\"email-kontakt et_pb_button et_pb_button_0_tb_footer et_pb_bg_layout_light\" href=\"mailto:bestellung@koenigsee-implantate.de?subject=Anfrage\" title=\"Direcci\u00f3n de contacto de K\u00f6nigsee Implantate: Gesti\u00f3n de ventas\" target=\"_blank\" rel=\"noopener\" data-icon=\"9\"><\/a><\/p>\n<p>[\/et_pb_text][\/et_pb_column][\/et_pb_row][\/et_pb_section][et_pb_section fb_built=\u00bb1&#8243; _builder_version=\u00bb4.24.2&#8243; _module_preset=\u00bbdefault\u00bb global_colors_info=\u00bb{}\u00bb][et_pb_row _builder_version=\u00bb4.24.2&#8243; _module_preset=\u00bbdefault\u00bb global_colors_info=\u00bb{}\u00bb][et_pb_column type=\u00bb4_4&#8243; _builder_version=\u00bb4.24.2&#8243; _module_preset=\u00bbdefault\u00bb global_colors_info=\u00bb{}\u00bb][et_pb_text _builder_version=\u00bb4.24.2&#8243; _module_preset=\u00bbdefault\u00bb global_colors_info=\u00bb{}\u00bb]<\/p>\n<p>Contacte con nosotros y p&oacute;ngase en contacto con K&ouml;nigsee Implantate. Esperamos tener noticias suyas y ayudarle con cualquier pregunta o duda que pueda tener.&nbsp; \u00a1Estamos aqu&iacute; para ayudarle!<\/p>\n<p>[\/et_pb_text][\/et_pb_column][\/et_pb_row][\/et_pb_section][et_pb_section fb_built=\u00bb1&#8243; disabled_on=\u00bboff|off|off\u00bb _builder_version=\u00bb4.21.0&#8243; _module_preset=\u00bbdefault\u00bb background_color=\u00bbRGBA(255,255,255,0)\u00bb positioning=\u00bbfixed\u00bb position_origin_f=\u00bbcenter_right\u00bb z_index=\u00bb100&#8243; width=\u00bb5vw\u00bb custom_margin_tablet=\u00bb|40px|||false|false\u00bb custom_margin_phone=\u00bb\u00bb custom_margin_last_edited=\u00bbon|desktop\u00bb global_colors_info=\u00bb{}\u00bb][et_pb_row module_id=\u00bbsticky-navi\u00bb _builder_version=\u00bb4.24.2&#8243; _module_preset=\u00bbdefault\u00bb width_tablet=\u00bb\u00bb width_phone=\u00bb\u00bb width_last_edited=\u00bbon|tablet\u00bb global_colors_info=\u00bb{}\u00bb][et_pb_column type=\u00bb4_4&#8243; _builder_version=\u00bb4.17.4&#8243; _module_preset=\u00bbdefault\u00bb global_colors_info=\u00bb{}\u00bb][et_pb_icon font_icon=\u00bb&#xf879;||fa||900&#8243; icon_color=\u00bb#006F81&#8243; icon_width=\u00bb36px\u00bb url=\u00bbtel:+4936738498550&#8243; admin_label=\u00bbTelefonkontakt\u00bb _builder_version=\u00bb4.21.0&#8243; _module_preset=\u00bbdefault\u00bb background_color=\u00bb#FFFFFF\u00bb custom_padding=\u00bb15px|15px|15px|15px|true|true\u00bb border_radii=\u00bbon|5px|5px|5px|5px\u00bb global_colors_info=\u00bb{}\u00bb icon_color__hover_enabled=\u00bbon|hover\u00bb icon_color__hover=\u00bb#73B1BD\u00bb background__hover_enabled=\u00bbon|hover\u00bb background_color__hover=\u00bb#FFFFFF\u00bb background_enable_color__hover=\u00bbon\u00bb][\/et_pb_icon][et_pb_icon font_icon=\u00bb&#xf0e0;||fa||900&#8243; icon_color=\u00bb#006F81&#8243; icon_width=\u00bb36px\u00bb url=\u00bbhttps:\/\/www.koenigsee-implantate.de\/kontaktformular\/\u00bb admin_label=\u00bbKontaktformular\u00bb _builder_version=\u00bb4.24.2&#8243; _module_preset=\u00bbdefault\u00bb background_color=\u00bb#FFFFFF\u00bb custom_padding=\u00bb15px|15px|15px|15px|true|true\u00bb border_radii=\u00bbon|5px|5px|5px|5px\u00bb global_colors_info=\u00bb{}\u00bb icon_color__hover_enabled=\u00bbon|hover\u00bb icon_color__hover=\u00bb#73B1BD\u00bb background__hover_enabled=\u00bbon|hover\u00bb background_color__hover=\u00bb#FFFFFF\u00bb background_enable_color__hover=\u00bbon\u00bb][\/et_pb_icon][et_pb_icon font_icon=\u00bb&#x5e;||divi||400&#8243; icon_color=\u00bbRGBA(255,255,255,0)\u00bb icon_width=\u00bb36px\u00bb title_text=\u00bbEMAS-Icon\u00bb url=\u00bbhttps:\/\/www.koenigsee-implantate.de\/unternehmen\/nachhaltigkeit\/#EMAS\u00bb admin_label=\u00bbEMAS\u00bb _builder_version=\u00bb4.24.2&#8243; _module_preset=\u00bbdefault\u00bb background_color=\u00bb#FFFFFF\u00bb background_image=\u00bbhttps:\/\/www.koenigsee-implantate.de\/wp-content\/uploads\/2024\/03\/EMAS-Icon.png\u00bb custom_padding=\u00bb15px|15px|15px|15px|true|true\u00bb border_radii=\u00bbon|5px|5px|5px|5px\u00bb global_colors_info=\u00bb{}\u00bb icon_color__hover_enabled=\u00bbon|hover\u00bb icon_color__hover=\u00bbRGBA(255,255,255,0)\u00bb background__hover_enabled=\u00bbon|hover\u00bb background_color__hover=\u00bb#FFFFFF\u00bb background_enable_color__hover=\u00bbon\u00bb filter_opacity__hover_enabled=\u00bbon|hover\u00bb filter_opacity__hover=\u00bb80%\u00bb][\/et_pb_icon][\/et_pb_column][\/et_pb_row][\/et_pb_section][et_pb_section fb_built=\u00bb1&#8243; module_id=\u00bbContacto para formaci\u00f3n\u00bb _builder_version=\u00bb4.17.4&#8243; _module_preset=\u00bbdefault\u00bb background_color=\u00bb#FFFFFF\u00bb global_colors_info=\u00bb{}\u00bb][et_pb_row column_structure=\u00bb1_5,1_5,1_5,1_5,1_5&#8243; _builder_version=\u00bb4.17.4&#8243; _module_preset=\u00bbdefault\u00bb global_colors_info=\u00bb{}\u00bb][et_pb_column type=\u00bb1_5&#8243; _builder_version=\u00bb4.17.4&#8243; _module_preset=\u00bbdefault\u00bb global_colors_info=\u00bb{}\u00bb][et_pb_image src=\u00bbhttps:\/\/www.koenigsee-implantate.de\/wp-content\/uploads\/2022\/06\/DSC09278_1.jpg\u00bb alt=\u00bbFrank Orschler\u00bb title_text=\u00bbDSC09278_1&#8243; _builder_version=\u00bb4.17.4&#8243; _module_preset=\u00bbdefault\u00bb global_colors_info=\u00bb{}\u00bb][\/et_pb_image][et_pb_text _builder_version=\u00bb4.17.4&#8243; _module_preset=\u00bbdefault\u00bb global_colors_info=\u00bb{}\u00bb]<\/p>\n<p>Frank Orschler<br \/><strong>Director general<\/strong><br \/><strong><\/strong><o:p><\/o:p><\/p>\n<p>+49 36738 498-0<\/p>\n<p><o:p><\/o:p><a href=\"mailto:info@koenigsee-implantate.de?subject=Anfrage\" target=\"_blank\" title=\"Direcci&oacute;n de contacto de K&ouml;nigsee Implantate: rep. Gesti&oacute;n de ventas\" data-icon=\"9\" rel=\"noopener\">Enviar un correo electr&oacute;nico<\/a><o:p><\/o:p><\/p>\n<p>[\/et_pb_text][\/et_pb_column][et_pb_column type=\u00bb1_5&#8243; _builder_version=\u00bb4.17.4&#8243; _module_preset=\u00bbdefault\u00bb global_colors_info=\u00bb{}\u00bb][et_pb_image src=\u00bbhttps:\/\/www.koenigsee-implantate.de\/wp-content\/uploads\/2022\/06\/DSC08891_1.jpg\u00bb alt=\u00bbTorsten M\u00fcller-Uri\u00bb title_text=\u00bbDSC08891_1&#8243; _builder_version=\u00bb4.20.4&#8243; _module_preset=\u00bbdefault\u00bb global_colors_info=\u00bb{}\u00bb][\/et_pb_image][et_pb_text _builder_version=\u00bb4.23&#8243; _module_preset=\u00bbdefault\u00bb custom_padding=\u00bb||0px|||\u00bb global_colors_info=\u00bb{}\u00bb]<\/p>\n<p>Torsten M&uuml;ller-Uri<br \/><strong>Direcci&oacute;n de producci&oacute;n<\/strong><br \/><strong><\/strong><o:p><\/o:p><\/p>\n<p>+49 36738 498-653<br \/>+49 176 14498502<\/p>\n<p><o:p><\/o:p><a href=\"mailto:torsten.mueller-uri@koenigsee-implantate.de\" target=\"_blank\" rel=\"noopener\" title=\"Enviar un correo\">Enviar un correo electr&oacute;nico<\/a><\/p>\n<p><a href=\"mailto:nils.kaestner@koenigsee-implantate.de\" target=\"_blank\" title=\"Direcci&oacute;n de contacto de K&ouml;nigsee Implantate: rep. Gesti&oacute;n de ventas\" data-icon=\"9\" rel=\"noopener\"><\/a><\/p>\n<p><a href=\"mailto:personal@koenigsee-implantate.de?subject=Anfrage\" target=\"_blank\" title=\"Direcci&oacute;n de contacto de K&ouml;nigsee Implantate: rep. Gesti&oacute;n de ventas\" data-icon=\"9\" rel=\"noopener\"><\/a><o:p><\/o:p><\/p>\n<p>[\/et_pb_text][\/et_pb_column][et_pb_column type=\u00bb1_5&#8243; _builder_version=\u00bb4.17.4&#8243; _module_preset=\u00bbdefault\u00bb global_colors_info=\u00bb{}\u00bb][et_pb_image src=\u00bbhttps:\/\/www.koenigsee-implantate.de\/wp-content\/uploads\/2025\/01\/DSC03821.png\u00bb alt=\u00bbSarah Unglaub\u00bb title_text=\u00bbDSC03821&#8243; _builder_version=\u00bb4.27.4&#8243; _module_preset=\u00bbdefault\u00bb global_colors_info=\u00bb{}\u00bb][\/et_pb_image][et_pb_text _builder_version=\u00bb4.27.4&#8243; _module_preset=\u00bbdefault\u00bb global_colors_info=\u00bb{}\u00bb]<\/p>\n<div class=\"et_pb_module et_pb_text et_pb_text_6  et_pb_text_align_left et_pb_bg_layout_light\">\n<div class=\"et_pb_text_inner\">\n<p>Sarah Unglaub<br \/><strong>Director de Recursos Humanos<\/strong><\/p>\n<p>+49 36738 498-532<\/p>\n<p><a href=\"mailto:sarah.unglaub@koenigsee-implantate.de\" target=\"_blank\" rel=\"noopener\" title=\"Mail schreiben\">E-Mail<\/a><\/p>\n<\/div>\n<\/div>\n<p>[\/et_pb_text][\/et_pb_column][et_pb_column type=\u00bb1_5&#8243; _builder_version=\u00bb4.17.4&#8243; _module_preset=\u00bbdefault\u00bb global_colors_info=\u00bb{}\u00bb][et_pb_text _builder_version=\u00bb4.24.2&#8243; _module_preset=\u00bbdefault\u00bb global_colors_info=\u00bb{}\u00bb][\/et_pb_text][\/et_pb_column][et_pb_column type=\u00bb1_5&#8243; _builder_version=\u00bb4.17.4&#8243; _module_preset=\u00bbdefault\u00bb global_colors_info=\u00bb{}\u00bb][\/et_pb_column][\/et_pb_row][\/et_pb_section][et_pb_section fb_built=\u00bb1&#8243; module_id=\u00bbContacto para formaci\u00f3n\u00bb _builder_version=\u00bb4.17.4&#8243; _module_preset=\u00bbdefault\u00bb background_color=\u00bb#FFFFFF\u00bb global_colors_info=\u00bb{}\u00bb][et_pb_row column_structure=\u00bb1_5,1_5,1_5,1_5,1_5&#8243; _builder_version=\u00bb4.19.4&#8243; _module_preset=\u00bbdefault\u00bb global_colors_info=\u00bb{}\u00bb][et_pb_column type=\u00bb1_5&#8243; _builder_version=\u00bb4.17.4&#8243; _module_preset=\u00bbdefault\u00bb global_colors_info=\u00bb{}\u00bb][et_pb_image src=\u00bbhttps:\/\/www.koenigsee-implantate.de\/wp-content\/uploads\/2023\/08\/DSC09231_1.jpg\u00bb alt=\u00bbFoto de empleado\u00bb title_text=\u00bbDSC09231_1&#8243; _builder_version=\u00bb4.21.2&#8243; _module_preset=\u00bbdefault\u00bb global_colors_info=\u00bb{}\u00bb][\/et_pb_image][et_pb_text _builder_version=\u00bb4.27.4&#8243; _module_preset=\u00bbdefault\u00bb global_colors_info=\u00bb{}\u00bb]<\/p>\n<p>Bettina M\u00fchlmann<strong><br \/>Jefa de equipo de la oficina de exportaci\u00f3n<br \/><\/strong><\/p>\n<p>+49 36738 498-333<\/p>\n<p>+49 176 14498500<br \/><a href=\"mailto:bettina.weber@koenigsee-implantate.de\"><\/a><a href=\"mailto:bettina.muehlmann@koenigsee-implantate.de\" target=\"_blank\" rel=\"noopener\" title=\"Correo electr\u00f3nico:\">Enviar un correo electr\u00f3nico<\/a><\/p>\n<p>[\/et_pb_text][\/et_pb_column][et_pb_column type=\u00bb1_5&#8243; _builder_version=\u00bb4.17.4&#8243; _module_preset=\u00bbdefault\u00bb global_colors_info=\u00bb{}\u00bb][et_pb_image src=\u00bbhttps:\/\/www.koenigsee-implantate.de\/wp-content\/uploads\/2023\/08\/DSC09187_1.jpg\u00bb alt=\u00bbEmpleados\u00bb title_text=\u00bbDSC09187_1&#8243; _builder_version=\u00bb4.21.2&#8243; _module_preset=\u00bbdefault\u00bb global_colors_info=\u00bb{}\u00bb][\/et_pb_image][et_pb_text _builder_version=\u00bb4.27.4&#8243; _module_preset=\u00bbdefault\u00bb text_text_color=\u00bb#555555&#8243; custom_padding=\u00bb||0px|||\u00bb global_colors_info=\u00bb{}\u00bb]<\/p>\n<p>Heike B&ouml;hme<strong><br \/>Servicio de oficina de exportaci&oacute;n<br \/><\/strong><\/p>\n<p>+49 36738 498-341<br \/><a href=\"mailto:heike.boehme@koenigsee-implantate.de\" target=\"_blank\" rel=\"noopener\" title=\"Correo electr&oacute;nico:\">Enviar un correo electr&oacute;nico<\/a><\/p>\n<p>[\/et_pb_text][\/et_pb_column][et_pb_column type=\u00bb1_5&#8243; _builder_version=\u00bb4.17.4&#8243; _module_preset=\u00bbdefault\u00bb global_colors_info=\u00bb{}\u00bb][et_pb_image src=\u00bbhttps:\/\/www.koenigsee-implantate.de\/wp-content\/uploads\/2022\/06\/DSC08799_1.jpg\u00bb alt=\u00bbEmpleados\u00bb title_text=\u00bbDSC08799_1&#8243; _builder_version=\u00bb4.21.2&#8243; _module_preset=\u00bbdefault\u00bb global_colors_info=\u00bb{}\u00bb][\/et_pb_image][et_pb_text _builder_version=\u00bb4.27.4&#8243; _module_preset=\u00bbdefault\u00bb global_colors_info=\u00bb{}\u00bb]<\/p>\n<p>Nedal Haddad<br \/><strong>Director mundial de ventas<\/strong><\/p>\n<p>+49 176 14498507<br \/><a href=\"mailto:nedal.haddad@koenigsee-implantate.de\" target=\"_blank\" rel=\"noopener\" title=\"Enviar un correo electr\u00f3nico\">Enviar un correo electr\u00f3nico<\/a><\/p>\n<p>[\/et_pb_text][\/et_pb_column][et_pb_column type=\u00bb1_5&#8243; _builder_version=\u00bb4.17.4&#8243; _module_preset=\u00bbdefault\u00bb global_colors_info=\u00bb{}\u00bb][\/et_pb_column][et_pb_column type=\u00bb1_5&#8243; _builder_version=\u00bb4.17.4&#8243; _module_preset=\u00bbdefault\u00bb global_colors_info=\u00bb{}\u00bb][\/et_pb_column][\/et_pb_row][\/et_pb_section][et_pb_section fb_built=\u00bb1&#8243; module_id=\u00bbContacto para formaci\u00f3n\u00bb _builder_version=\u00bb4.17.4&#8243; _module_preset=\u00bbdefault\u00bb background_color=\u00bb#FFFFFF\u00bb global_colors_info=\u00bb{}\u00bb][et_pb_row column_structure=\u00bb1_5,1_5,1_5,1_5,1_5&#8243; _builder_version=\u00bb4.19.4&#8243; _module_preset=\u00bbdefault\u00bb global_colors_info=\u00bb{}\u00bb][et_pb_column type=\u00bb1_5&#8243; _builder_version=\u00bb4.17.4&#8243; _module_preset=\u00bbdefault\u00bb global_colors_info=\u00bb{}\u00bb][et_pb_image src=\u00bbhttps:\/\/www.koenigsee-implantate.de\/wp-content\/uploads\/2022\/06\/DSC08958_1.jpg\u00bb alt=\u00bbSandra Weber\u00bb title_text=\u00bbDSC08958_1&#8243; _builder_version=\u00bb4.17.4&#8243; _module_preset=\u00bbdefault\u00bb global_colors_info=\u00bb{}\u00bb][\/et_pb_image][et_pb_text _builder_version=\u00bb4.24.2&#8243; _module_preset=\u00bbdefault\u00bb custom_padding=\u00bb||0px|||\u00bb global_colors_info=\u00bb{}\u00bb]<\/p>\n<p>Sandra Weber<br \/><strong>Direcci&oacute;n t&eacute;cnica comercial<br \/>rep. Gesti&oacute;n de ventas<\/strong><o:p><\/o:p><\/p>\n<p>+49 174 3088801<br \/><o:p><\/o:p><a href=\"mailto:sandra.weber@koenigsee-implantate.de?subject=Anfrage\" target=\"_blank\" title=\"Direcci&oacute;n de contacto de K&ouml;nigsee Implantate: rep. Gesti&oacute;n de ventas\" data-icon=\"9\" rel=\"noopener\">Enviar un correo electr&oacute;nico<\/a><o:p><\/o:p><\/p>\n<p>[\/et_pb_text][\/et_pb_column][et_pb_column type=\u00bb1_5&#8243; _builder_version=\u00bb4.17.4&#8243; _module_preset=\u00bbdefault\u00bb global_colors_info=\u00bb{}\u00bb][et_pb_image src=\u00bbhttps:\/\/www.koenigsee-implantate.de\/wp-content\/uploads\/2022\/06\/DSC09289_1.jpg\u00bb alt=\u00bbBrita Walther\u00bb title_text=\u00bbDSC09289_1&#8243; _builder_version=\u00bb4.17.4&#8243; _module_preset=\u00bbdefault\u00bb global_colors_info=\u00bb{}\u00bb][\/et_pb_image][et_pb_text _builder_version=\u00bb4.23.1&#8243; _module_preset=\u00bbdefault\u00bb global_colors_info=\u00bb{}\u00bb]<\/p>\n<p>Brita Walther<br \/><strong>Direcci&oacute;n administrativa\/<br \/>Gesti&oacute;n de cuentas clave<\/strong><br \/><strong><\/strong><o:p><\/o:p><\/p>\n<p>+49 36738 498-362<\/p>\n<p><o:p><\/o:p><a href=\"mailto:brita.walther@koenigsee-implantate.de\" target=\"_blank\" rel=\"noopener\" title=\"Enviar un correo\">Enviar un correo electr&oacute;nico<\/a><\/p>\n<p>[\/et_pb_text][\/et_pb_column][et_pb_column type=\u00bb1_5&#8243; _builder_version=\u00bb4.17.4&#8243; _module_preset=\u00bbdefault\u00bb global_colors_info=\u00bb{}\u00bb][et_pb_image src=\u00bbhttps:\/\/www.koenigsee-implantate.de\/wp-content\/uploads\/2022\/06\/DSC09217_1.jpg\u00bb alt=\u00bbInes Hirschfeld\u00bb title_text=\u00bbDSC09217_1&#8243; _builder_version=\u00bb4.22.2&#8243; _module_preset=\u00bbdefault\u00bb global_colors_info=\u00bb{}\u00bb][\/et_pb_image][et_pb_text _builder_version=\u00bb4.27.4&#8243; _module_preset=\u00bbdefault\u00bb custom_padding=\u00bb||0px|||\u00bb global_colors_info=\u00bb{}\u00bb]<\/p>\n<p>Ines Hirschfeld<br \/><strong>Atenci\u00f3n al cliente Veterinaria<\/strong><\/p>\n<p><strong><\/strong><o:p><\/o:p><strong><\/strong>+49 172 3906598<\/p>\n<p><o:p><\/o:p><a href=\"mailto:ines.hirschfeld@koenigsee-implantate.de?subject=Anfrage\" target=\"_blank\" title=\"Enviar un correo\" data-icon=\"9\" rel=\"noopener\">Enviar un correo electr\u00f3nico<\/a><o:p><\/o:p><\/p>\n<p>[\/et_pb_text][\/et_pb_column][et_pb_column type=\u00bb1_5&#8243; _builder_version=\u00bb4.17.4&#8243; _module_preset=\u00bbdefault\u00bb global_colors_info=\u00bb{}\u00bb][\/et_pb_column][et_pb_column type=\u00bb1_5&#8243; _builder_version=\u00bb4.17.4&#8243; _module_preset=\u00bbdefault\u00bb global_colors_info=\u00bb{}\u00bb][\/et_pb_column][\/et_pb_row][\/et_pb_section]<\/p>\n","protected":false},"excerpt":{"rendered":"<p><div class=\"et_pb_module dipl_button dipl_button_0\">\n\t\t\t\t\n\t\t\t\t\n\t\t\t\t\n\t\t\t\t\n\t\t\t\t\n\t\t\t\t\n\t\t\t\t<div class=\"et_pb_module_inner\">\n\t\t\t\t\t<div class=\"et_pb_module dipl_button_item dipl_button_item_0\">\n\t\t\t\t\n\t\t\t\t\n\t\t\t\t\n\t\t\t\t\n\t\t\t\t\n\t\t\t\t\n\t\t\t\t<div class=\"et_pb_module_inner\">\n\t\t\t\t\t<div class=\"dipl_button_wrapper dipl_button_classic\"><a class=\"dipl_button_link dipl_button_default_fill dipl_button_icon_right\" href=\"\/\" target=\"_self\"><span class=\"dipl_button_text dipl_button_icon\" data-icon=\"&#x5e;\">Inicio<\/span><\/a><\/div>\n\t\t\t\t<\/div>\n\t\t\t<\/div><div class=\"et_pb_module dipl_button_item dipl_button_item_1\">\n\t\t\t\t\n\t\t\t\t\n\t\t\t\t\n\t\t\t\t\n\t\t\t\t\n\t\t\t\t\n\t\t\t\t<div class=\"et_pb_module_inner\">\n\t\t\t\t\t\n\t\t\t\t<\/div>\n\t\t\t<\/div>\n\t\t\t\t<\/div>\n\t\t\t<\/div>\u00bfDesea hacer [&hellip;]<\/p>\n","protected":false},"author":1,"featured_media":0,"parent":0,"menu_order":0,"comment_status":"closed","ping_status":"closed","template":"","meta":{"_et_pb_use_builder":"on","_et_pb_old_content":"","_et_gb_content_width":"","footnotes":""},"class_list":["post-23430","page","type-page","status-publish","hentry"],"_links":{"self":[{"href":"https:\/\/www.koenigsee-implantate.de\/es\/wp-json\/wp\/v2\/pages\/23430","targetHints":{"allow":["GET"]}}],"collection":[{"href":"https:\/\/www.koenigsee-implantate.de\/es\/wp-json\/wp\/v2\/pages"}],"about":[{"href":"https:\/\/www.koenigsee-implantate.de\/es\/wp-json\/wp\/v2\/types\/page"}],"author":[{"embeddable":true,"href":"https:\/\/www.koenigsee-implantate.de\/es\/wp-json\/wp\/v2\/users\/1"}],"replies":[{"embeddable":true,"href":"https:\/\/www.koenigsee-implantate.de\/es\/wp-json\/wp\/v2\/comments?post=23430"}],"version-history":[{"count":26,"href":"https:\/\/www.koenigsee-implantate.de\/es\/wp-json\/wp\/v2\/pages\/23430\/revisions"}],"predecessor-version":[{"id":31375,"href":"https:\/\/www.koenigsee-implantate.de\/es\/wp-json\/wp\/v2\/pages\/23430\/revisions\/31375"}],"wp:attachment":[{"href":"https:\/\/www.koenigsee-implantate.de\/es\/wp-json\/wp\/v2\/media?parent=23430"}],"curies":[{"name":"wp","href":"https:\/\/api.w.org\/{rel}","templated":true}]}}